
{"id":2559,"date":"2018-07-31T13:31:15","date_gmt":"2018-07-31T11:31:15","guid":{"rendered":"http:\/\/mlekpol.thinq.pl\/index.php\/produkt\/ser-krolewski-z-kolna-blok\/"},"modified":"2020-05-07T14:54:39","modified_gmt":"2020-05-07T12:54:39","slug":"ser-krolewski-z-kolna-blok","status":"publish","type":"product","link":"https:\/\/mlekpol.com.pl\/index.php\/produkt\/ser-krolewski-z-kolna-blok\/","title":{"rendered":"Ser Kr\u00f3lewski z Kolna &#8211; blok"},"content":{"rendered":"<p>Doskona\u0142y ser \u017c\u00f3\u0142ty typu szwajcarskiego wyprodukowany z najlepszego mleka od kr\u00f3w wypasanych w najczystszych regionach Polski. Wyrafinowany smak Kr\u00f3lewskiego z Kolna \u2013 lekko s\u0142odkawy z orzechow\u0105 nut\u0105 \u2013 zadowoli najbardziej wymagaj\u0105cych smakoszy.<\/p>\n","protected":false},"excerpt":{"rendered":"<p>Doskona\u0142y ser \u017c\u00f3\u0142ty typu szwajcarskiego wyprodukowany z najlepszego mleka od kr\u00f3w wypasanych w najczystszych regionach Polski. Wyrafinowany smak Kr\u00f3lewskiego z Kolna \u2013 lekko s\u0142odkawy z orzechow\u0105 nut\u0105 \u2013 zadowoli najbardziej wymagaj\u0105cych smakoszy.<\/p>\n","protected":false},"featured_media":4530,"template":"","meta":[],"product_cat":[1213,179,558,24],"product_tag":[],"_links":{"self":[{"href":"https:\/\/mlekpol.com.pl\/index.php\/wp-json\/wp\/v2\/product\/2559"}],"collection":[{"href":"https:\/\/mlekpol.com.pl\/index.php\/wp-json\/wp\/v2\/product"}],"about":[{"href":"https:\/\/mlekpol.com.pl\/index.php\/wp-json\/wp\/v2\/types\/product"}],"wp:featuredmedia":[{"embeddable":true,"href":"https:\/\/mlekpol.com.pl\/index.php\/wp-json\/wp\/v2\/media\/4530"}],"wp:attachment":[{"href":"https:\/\/mlekpol.com.pl\/index.php\/wp-json\/wp\/v2\/media?parent=2559"}],"wp:term":[{"taxonomy":"product_cat","embeddable":true,"href":"https:\/\/mlekpol.com.pl\/index.php\/wp-json\/wp\/v2\/product_cat?post=2559"},{"taxonomy":"product_tag","embeddable":true,"href":"https:\/\/mlekpol.com.pl\/index.php\/wp-json\/wp\/v2\/product_tag?post=2559"}],"curies":[{"name":"wp","href":"https:\/\/api.w.org\/{rel}","templated":true}]}}