
{"id":2556,"date":"2018-07-31T13:31:13","date_gmt":"2018-07-31T11:31:13","guid":{"rendered":"http:\/\/mlekpol.thinq.pl\/index.php\/produkt\/ser-kurpiowski-cylinder-kolno\/"},"modified":"2020-06-03T14:22:37","modified_gmt":"2020-06-03T12:22:37","slug":"ser-kurpiowski-cylinder-kolno","status":"publish","type":"product","link":"https:\/\/mlekpol.com.pl\/index.php\/produkt\/ser-kurpiowski-cylinder-kolno\/","title":{"rendered":"Ser Kurpiowski &#8211; cylinder (Kolno)"},"content":{"rendered":"<p>Doskona\u0142y ser \u017c\u00f3\u0142ty typu szwajcarskiego wyprodukowany z najlepszego mleka od kr\u00f3w wypasanych w najczystszych regionach Polski. Bogate \u017ar\u00f3d\u0142o wapnia i witamin. Idealny jako przek\u0105ska albo dodatek do da\u0144.<\/p>\n","protected":false},"excerpt":{"rendered":"<p>Doskona\u0142y ser \u017c\u00f3\u0142ty typu szwajcarskiego wyprodukowany z najlepszego mleka od kr\u00f3w wypasanych w najczystszych regionach Polski. Bogate \u017ar\u00f3d\u0142o wapnia i witamin. Idealny jako przek\u0105ska albo dodatek do da\u0144.<\/p>\n","protected":false},"featured_media":4037,"template":"","meta":[],"product_cat":[1233,179,558,24],"product_tag":[],"_links":{"self":[{"href":"https:\/\/mlekpol.com.pl\/index.php\/wp-json\/wp\/v2\/product\/2556"}],"collection":[{"href":"https:\/\/mlekpol.com.pl\/index.php\/wp-json\/wp\/v2\/product"}],"about":[{"href":"https:\/\/mlekpol.com.pl\/index.php\/wp-json\/wp\/v2\/types\/product"}],"wp:featuredmedia":[{"embeddable":true,"href":"https:\/\/mlekpol.com.pl\/index.php\/wp-json\/wp\/v2\/media\/4037"}],"wp:attachment":[{"href":"https:\/\/mlekpol.com.pl\/index.php\/wp-json\/wp\/v2\/media?parent=2556"}],"wp:term":[{"taxonomy":"product_cat","embeddable":true,"href":"https:\/\/mlekpol.com.pl\/index.php\/wp-json\/wp\/v2\/product_cat?post=2556"},{"taxonomy":"product_tag","embeddable":true,"href":"https:\/\/mlekpol.com.pl\/index.php\/wp-json\/wp\/v2\/product_tag?post=2556"}],"curies":[{"name":"wp","href":"https:\/\/api.w.org\/{rel}","templated":true}]}}