
{"id":2542,"date":"2018-07-31T13:31:08","date_gmt":"2018-07-31T11:31:08","guid":{"rendered":"http:\/\/mlekpol.thinq.pl\/index.php\/produkt\/ser-mragowski-podlaski-blok-mragowo\/"},"modified":"2022-12-15T21:30:31","modified_gmt":"2022-12-15T20:30:31","slug":"ser-mragowski-podlaski-blok-mragowo","status":"publish","type":"product","link":"https:\/\/mlekpol.com.pl\/index.php\/produkt\/ser-mragowski-podlaski-blok-mragowo\/","title":{"rendered":"Ser Mr\u0105gowski w\u0119dzony blok (Mr\u0105gowo)"},"content":{"rendered":"<p>Doskona\u0142y ser \u017c\u00f3\u0142ty typu holenderskiego, ceniony za sw\u00f3j \u0142agodny i wytrawny smak. Wyprodukowany z najlepszego mleka od kr\u00f3w wypasanych w najczystszych regionach Polski.Uniwersalny w zastosowaniu: \u015bwietnie sprawdza si\u0119 na kanapce, w zapiekankach i jako przek\u0105ska koktajlowa na desk\u0119 ser\u00f3w.<\/p>\n","protected":false},"excerpt":{"rendered":"<p>Doskona\u0142y ser \u017c\u00f3\u0142ty typu holenderskiego, ceniony za sw\u00f3j \u0142agodny i wytrawny smak. Wyprodukowany z najlepszego mleka od kr\u00f3w wypasanych w najczystszych regionach Polski.Uniwersalny w zastosowaniu: \u015bwietnie sprawdza si\u0119 na kanapce, w zapiekankach i jako przek\u0105ska koktajlowa na desk\u0119 ser\u00f3w.<\/p>\n","protected":false},"featured_media":4015,"template":"","meta":[],"product_cat":[1213,179,558,24],"product_tag":[],"_links":{"self":[{"href":"https:\/\/mlekpol.com.pl\/index.php\/wp-json\/wp\/v2\/product\/2542"}],"collection":[{"href":"https:\/\/mlekpol.com.pl\/index.php\/wp-json\/wp\/v2\/product"}],"about":[{"href":"https:\/\/mlekpol.com.pl\/index.php\/wp-json\/wp\/v2\/types\/product"}],"wp:featuredmedia":[{"embeddable":true,"href":"https:\/\/mlekpol.com.pl\/index.php\/wp-json\/wp\/v2\/media\/4015"}],"wp:attachment":[{"href":"https:\/\/mlekpol.com.pl\/index.php\/wp-json\/wp\/v2\/media?parent=2542"}],"wp:term":[{"taxonomy":"product_cat","embeddable":true,"href":"https:\/\/mlekpol.com.pl\/index.php\/wp-json\/wp\/v2\/product_cat?post=2542"},{"taxonomy":"product_tag","embeddable":true,"href":"https:\/\/mlekpol.com.pl\/index.php\/wp-json\/wp\/v2\/product_tag?post=2542"}],"curies":[{"name":"wp","href":"https:\/\/api.w.org\/{rel}","templated":true}]}}