
{"id":2540,"date":"2018-07-31T13:31:07","date_gmt":"2018-07-31T11:31:07","guid":{"rendered":"http:\/\/mlekpol.thinq.pl\/index.php\/produkt\/mini-gouda-blok-sejny\/"},"modified":"2022-11-30T11:04:53","modified_gmt":"2022-11-30T10:04:53","slug":"mini-gouda-blok-sejny","status":"publish","type":"product","link":"https:\/\/mlekpol.com.pl\/index.php\/produkt\/mini-gouda-blok-sejny\/","title":{"rendered":"Mini Gouda &#8211; blok (Sejny)"},"content":{"rendered":"<p>Ser typu holenderskiego wyprodukowany z najlepszego mleka od kr\u00f3w wypasanych w najczystszych regionach Polski. \u015awietnie sprawdza si\u0119 na kanapce, w zapiekankach i jako przek\u0105ska koktajlowa na desk\u0119 ser\u00f3w.<\/p>\n","protected":false},"excerpt":{"rendered":"<p>Ser typu holenderskiego wyprodukowany z najlepszego mleka od kr\u00f3w wypasanych w najczystszych regionach Polski. \u015awietnie sprawdza si\u0119 na kanapce, w zapiekankach i jako przek\u0105ska koktajlowa na desk\u0119 ser\u00f3w.<\/p>\n","protected":false},"featured_media":24142,"template":"","meta":[],"product_cat":[1213,179,558,24],"product_tag":[],"_links":{"self":[{"href":"https:\/\/mlekpol.com.pl\/index.php\/wp-json\/wp\/v2\/product\/2540"}],"collection":[{"href":"https:\/\/mlekpol.com.pl\/index.php\/wp-json\/wp\/v2\/product"}],"about":[{"href":"https:\/\/mlekpol.com.pl\/index.php\/wp-json\/wp\/v2\/types\/product"}],"wp:featuredmedia":[{"embeddable":true,"href":"https:\/\/mlekpol.com.pl\/index.php\/wp-json\/wp\/v2\/media\/24142"}],"wp:attachment":[{"href":"https:\/\/mlekpol.com.pl\/index.php\/wp-json\/wp\/v2\/media?parent=2540"}],"wp:term":[{"taxonomy":"product_cat","embeddable":true,"href":"https:\/\/mlekpol.com.pl\/index.php\/wp-json\/wp\/v2\/product_cat?post=2540"},{"taxonomy":"product_tag","embeddable":true,"href":"https:\/\/mlekpol.com.pl\/index.php\/wp-json\/wp\/v2\/product_tag?post=2540"}],"curies":[{"name":"wp","href":"https:\/\/api.w.org\/{rel}","templated":true}]}}