
{"id":2522,"date":"2018-07-31T13:31:00","date_gmt":"2018-07-31T11:31:00","guid":{"rendered":"http:\/\/mlekpol.thinq.pl\/index.php\/produkt\/ser-gouda-rolmlecz-zwolen\/"},"modified":"2022-12-09T03:17:32","modified_gmt":"2022-12-09T02:17:32","slug":"ser-gouda-rolmlecz-zwolen","status":"publish","type":"product","link":"https:\/\/mlekpol.com.pl\/index.php\/produkt\/ser-gouda-rolmlecz-zwolen\/","title":{"rendered":"Ser Gouda (Rolmlecz\/Zwole\u0144)"},"content":{"rendered":"<p>Bogate \u017ar\u00f3d\u0142o wapnia i witamin. Idealny jako przek\u0105ska albo dodatek do da\u0144.<\/p>\n","protected":false},"excerpt":{"rendered":"<p>Bogate \u017ar\u00f3d\u0142o wapnia i witamin. Idealny jako przek\u0105ska albo dodatek do da\u0144.<\/p>\n","protected":false},"featured_media":24214,"template":"","meta":[],"product_cat":[1213,179,109,24],"product_tag":[],"_links":{"self":[{"href":"https:\/\/mlekpol.com.pl\/index.php\/wp-json\/wp\/v2\/product\/2522"}],"collection":[{"href":"https:\/\/mlekpol.com.pl\/index.php\/wp-json\/wp\/v2\/product"}],"about":[{"href":"https:\/\/mlekpol.com.pl\/index.php\/wp-json\/wp\/v2\/types\/product"}],"wp:featuredmedia":[{"embeddable":true,"href":"https:\/\/mlekpol.com.pl\/index.php\/wp-json\/wp\/v2\/media\/24214"}],"wp:attachment":[{"href":"https:\/\/mlekpol.com.pl\/index.php\/wp-json\/wp\/v2\/media?parent=2522"}],"wp:term":[{"taxonomy":"product_cat","embeddable":true,"href":"https:\/\/mlekpol.com.pl\/index.php\/wp-json\/wp\/v2\/product_cat?post=2522"},{"taxonomy":"product_tag","embeddable":true,"href":"https:\/\/mlekpol.com.pl\/index.php\/wp-json\/wp\/v2\/product_tag?post=2522"}],"curies":[{"name":"wp","href":"https:\/\/api.w.org\/{rel}","templated":true}]}}