
{"id":2512,"date":"2018-07-31T13:30:56","date_gmt":"2018-07-31T11:30:56","guid":{"rendered":"http:\/\/mlekpol.thinq.pl\/index.php\/produkt\/ser-salami-palka-zambrow\/"},"modified":"2022-08-26T12:50:39","modified_gmt":"2022-08-26T10:50:39","slug":"ser-salami-palka","status":"publish","type":"product","link":"https:\/\/mlekpol.com.pl\/index.php\/produkt\/ser-salami-palka\/","title":{"rendered":"Ser Salami &#8211; pa\u0142ka"},"content":{"rendered":"<p>Wyborny ser dojrzewajacy wyprodukowany z najlepszego mleka od kr\u00f3w wypasanych w najczystszych regionach Polski. \u015awietnie sprawdza si\u0119 na kanapce, w zapiekankach i jako przek\u0105ska koktajlowa.<\/p>\n","protected":false},"excerpt":{"rendered":"<p>Wyborny ser dojrzewajacy wyprodukowany z najlepszego mleka od kr\u00f3w wypasanych w najczystszych regionach Polski. \u015awietnie sprawdza si\u0119 na kanapce, w zapiekankach i jako przek\u0105ska koktajlowa.<\/p>\n","protected":false},"featured_media":18921,"template":"","meta":[],"product_cat":[179,558,24],"product_tag":[],"_links":{"self":[{"href":"https:\/\/mlekpol.com.pl\/index.php\/wp-json\/wp\/v2\/product\/2512"}],"collection":[{"href":"https:\/\/mlekpol.com.pl\/index.php\/wp-json\/wp\/v2\/product"}],"about":[{"href":"https:\/\/mlekpol.com.pl\/index.php\/wp-json\/wp\/v2\/types\/product"}],"wp:featuredmedia":[{"embeddable":true,"href":"https:\/\/mlekpol.com.pl\/index.php\/wp-json\/wp\/v2\/media\/18921"}],"wp:attachment":[{"href":"https:\/\/mlekpol.com.pl\/index.php\/wp-json\/wp\/v2\/media?parent=2512"}],"wp:term":[{"taxonomy":"product_cat","embeddable":true,"href":"https:\/\/mlekpol.com.pl\/index.php\/wp-json\/wp\/v2\/product_cat?post=2512"},{"taxonomy":"product_tag","embeddable":true,"href":"https:\/\/mlekpol.com.pl\/index.php\/wp-json\/wp\/v2\/product_tag?post=2512"}],"curies":[{"name":"wp","href":"https:\/\/api.w.org\/{rel}","templated":true}]}}