
{"id":2507,"date":"2018-07-31T13:30:54","date_gmt":"2018-07-31T11:30:54","guid":{"rendered":"http:\/\/mlekpol.thinq.pl\/index.php\/produkt\/krazki-serowe-do-smazenia-i-grillowania\/"},"modified":"2021-06-14T09:24:21","modified_gmt":"2021-06-14T07:24:21","slug":"krazki-serowe-do-smazenia-i-grillowania","status":"publish","type":"product","link":"https:\/\/mlekpol.com.pl\/index.php\/produkt\/krazki-serowe-do-smazenia-i-grillowania\/","title":{"rendered":"Kr\u0105\u017cki serowe do sma\u017cenia i grillowania"},"content":{"rendered":"<p>\u015amietankowy ser dojrzewaj\u0105cy, do sma\u017cenia i grillowania. Wyprodukowany z najlepszego mleka od kr\u00f3w wypasanych w najczystszych regionach Polski. Znakomicie sprawdza si\u0119 jako ciep\u0142a przek\u0105ska i dodatek do da\u0144.<\/p>\n","protected":false},"excerpt":{"rendered":"<p>\u015amietankowy ser dojrzewaj\u0105cy, do sma\u017cenia i grillowania. Wyprodukowany z najlepszego mleka od kr\u00f3w wypasanych w najczystszych regionach Polski. Znakomicie sprawdza si\u0119 jako ciep\u0142a przek\u0105ska i dodatek do da\u0144.<\/p>\n","protected":false},"featured_media":3939,"template":"","meta":[],"product_cat":[179,994,558,24],"product_tag":[],"_links":{"self":[{"href":"https:\/\/mlekpol.com.pl\/index.php\/wp-json\/wp\/v2\/product\/2507"}],"collection":[{"href":"https:\/\/mlekpol.com.pl\/index.php\/wp-json\/wp\/v2\/product"}],"about":[{"href":"https:\/\/mlekpol.com.pl\/index.php\/wp-json\/wp\/v2\/types\/product"}],"wp:featuredmedia":[{"embeddable":true,"href":"https:\/\/mlekpol.com.pl\/index.php\/wp-json\/wp\/v2\/media\/3939"}],"wp:attachment":[{"href":"https:\/\/mlekpol.com.pl\/index.php\/wp-json\/wp\/v2\/media?parent=2507"}],"wp:term":[{"taxonomy":"product_cat","embeddable":true,"href":"https:\/\/mlekpol.com.pl\/index.php\/wp-json\/wp\/v2\/product_cat?post=2507"},{"taxonomy":"product_tag","embeddable":true,"href":"https:\/\/mlekpol.com.pl\/index.php\/wp-json\/wp\/v2\/product_tag?post=2507"}],"curies":[{"name":"wp","href":"https:\/\/api.w.org\/{rel}","templated":true}]}}