
{"id":2505,"date":"2018-07-31T13:30:54","date_gmt":"2018-07-31T11:30:54","guid":{"rendered":"http:\/\/mlekpol.thinq.pl\/index.php\/produkt\/gouda-ser-tarty\/"},"modified":"2020-08-03T11:45:41","modified_gmt":"2020-08-03T09:45:41","slug":"gouda-ser-tarty","status":"publish","type":"product","link":"https:\/\/mlekpol.com.pl\/index.php\/produkt\/gouda-ser-tarty\/","title":{"rendered":"Gouda Ser Tarty"},"content":{"rendered":"<p>Doskona\u0142y ser \u017c\u00f3\u0142ty typu holenderskiego, ceniony za sw\u00f3j \u0142agodny i wytrawny smak. Wyprodukowany z najlepszego mleka od kr\u00f3w wypasanych w najczystszych regionach Polski. Uniwersalny w zastosowaniu: \u015bwietnie sprawdza si\u0119 na kanapce, w zapiekankach i jako przek\u0105ska koktajlowa na desk\u0119 ser\u00f3w.<\/p>\n","protected":false},"excerpt":{"rendered":"<p>Doskona\u0142y ser \u017c\u00f3\u0142ty typu holenderskiego, ceniony za sw\u00f3j \u0142agodny i wytrawny smak. Wyprodukowany z najlepszego mleka od kr\u00f3w wypasanych w najczystszych regionach Polski. Uniwersalny w zastosowaniu: \u015bwietnie sprawdza si\u0119 na kanapce, w zapiekankach i jako przek\u0105ska koktajlowa na desk\u0119 ser\u00f3w.<\/p>\n","protected":false},"featured_media":3935,"template":"","meta":[],"product_cat":[179,558,24,1215],"product_tag":[],"_links":{"self":[{"href":"https:\/\/mlekpol.com.pl\/index.php\/wp-json\/wp\/v2\/product\/2505"}],"collection":[{"href":"https:\/\/mlekpol.com.pl\/index.php\/wp-json\/wp\/v2\/product"}],"about":[{"href":"https:\/\/mlekpol.com.pl\/index.php\/wp-json\/wp\/v2\/types\/product"}],"wp:featuredmedia":[{"embeddable":true,"href":"https:\/\/mlekpol.com.pl\/index.php\/wp-json\/wp\/v2\/media\/3935"}],"wp:attachment":[{"href":"https:\/\/mlekpol.com.pl\/index.php\/wp-json\/wp\/v2\/media?parent=2505"}],"wp:term":[{"taxonomy":"product_cat","embeddable":true,"href":"https:\/\/mlekpol.com.pl\/index.php\/wp-json\/wp\/v2\/product_cat?post=2505"},{"taxonomy":"product_tag","embeddable":true,"href":"https:\/\/mlekpol.com.pl\/index.php\/wp-json\/wp\/v2\/product_tag?post=2505"}],"curies":[{"name":"wp","href":"https:\/\/api.w.org\/{rel}","templated":true}]}}