
{"id":2503,"date":"2018-07-31T13:30:53","date_gmt":"2018-07-31T11:30:53","guid":{"rendered":"http:\/\/mlekpol.thinq.pl\/index.php\/produkt\/ser-jantar-klinek-200-g\/"},"modified":"2020-08-03T11:47:47","modified_gmt":"2020-08-03T09:47:47","slug":"ser-jantar-klinek-200-g","status":"publish","type":"product","link":"https:\/\/mlekpol.com.pl\/index.php\/produkt\/ser-jantar-klinek-200-g\/","title":{"rendered":"Ser Jantar &#8211; klinek"},"content":{"rendered":"<p>Ser typu w\u0142oskiego, w kategorii premium. Wyprodukowany z najlepszego mleka od kr\u00f3w wypasanych w najczystszych regionach Podlasia. Twardy, o g\u0142\u0119bokim wyrazistym smaku.<br \/>\nZnakomicie komponuje si\u0119 z makaronami, w zapiekankach i jako przek\u0105ska koktajlowa na desk\u0119 ser\u00f3w.<\/p>\n","protected":false},"excerpt":{"rendered":"<p>Ser typu w\u0142oskiego, w kategorii premium. Wyprodukowany z najlepszego mleka od kr\u00f3w wypasanych w najczystszych regionach Podlasia. Twardy, o g\u0142\u0119bokim wyrazistym smaku. Znakomicie komponuje si\u0119 z makaronami, w zapiekankach i jako przek\u0105ska koktajlowa na desk\u0119 ser\u00f3w.<\/p>\n","protected":false},"featured_media":3931,"template":"","meta":[],"product_cat":[179,558,24],"product_tag":[],"_links":{"self":[{"href":"https:\/\/mlekpol.com.pl\/index.php\/wp-json\/wp\/v2\/product\/2503"}],"collection":[{"href":"https:\/\/mlekpol.com.pl\/index.php\/wp-json\/wp\/v2\/product"}],"about":[{"href":"https:\/\/mlekpol.com.pl\/index.php\/wp-json\/wp\/v2\/types\/product"}],"wp:featuredmedia":[{"embeddable":true,"href":"https:\/\/mlekpol.com.pl\/index.php\/wp-json\/wp\/v2\/media\/3931"}],"wp:attachment":[{"href":"https:\/\/mlekpol.com.pl\/index.php\/wp-json\/wp\/v2\/media?parent=2503"}],"wp:term":[{"taxonomy":"product_cat","embeddable":true,"href":"https:\/\/mlekpol.com.pl\/index.php\/wp-json\/wp\/v2\/product_cat?post=2503"},{"taxonomy":"product_tag","embeddable":true,"href":"https:\/\/mlekpol.com.pl\/index.php\/wp-json\/wp\/v2\/product_tag?post=2503"}],"curies":[{"name":"wp","href":"https:\/\/api.w.org\/{rel}","templated":true}]}}