
{"id":2501,"date":"2018-07-31T13:30:52","date_gmt":"2018-07-31T11:30:52","guid":{"rendered":"http:\/\/mlekpol.thinq.pl\/index.php\/produkt\/ser-kurpiowski-porcje\/"},"modified":"2022-12-15T15:38:09","modified_gmt":"2022-12-15T14:38:09","slug":"ser-kurpiowski-porcje","status":"publish","type":"product","link":"https:\/\/mlekpol.com.pl\/index.php\/produkt\/ser-kurpiowski-porcje\/","title":{"rendered":"Ser Kurpiowski porcje"},"content":{"rendered":"<p>Doskona\u0142y ser \u017c\u00f3\u0142ty typu szwajcarskiego wyprodukowany z najlepszego mleka od kr\u00f3w wypasanych w najczystszych regionach Polski. Bogate \u017ar\u00f3d\u0142o wapnia i witamin. Idealny jako przek\u0105ska albo dodatek do da\u0144.<\/p>\n","protected":false},"excerpt":{"rendered":"<p>Doskona\u0142y ser \u017c\u00f3\u0142ty typu szwajcarskiego wyprodukowany z najlepszego mleka od kr\u00f3w wypasanych w najczystszych regionach Polski. Bogate \u017ar\u00f3d\u0142o wapnia i witamin. Idealny jako przek\u0105ska albo dodatek do da\u0144.<\/p>\n","protected":false},"featured_media":23595,"template":"","meta":[],"product_cat":[558,1211,24],"product_tag":[],"_links":{"self":[{"href":"https:\/\/mlekpol.com.pl\/index.php\/wp-json\/wp\/v2\/product\/2501"}],"collection":[{"href":"https:\/\/mlekpol.com.pl\/index.php\/wp-json\/wp\/v2\/product"}],"about":[{"href":"https:\/\/mlekpol.com.pl\/index.php\/wp-json\/wp\/v2\/types\/product"}],"wp:featuredmedia":[{"embeddable":true,"href":"https:\/\/mlekpol.com.pl\/index.php\/wp-json\/wp\/v2\/media\/23595"}],"wp:attachment":[{"href":"https:\/\/mlekpol.com.pl\/index.php\/wp-json\/wp\/v2\/media?parent=2501"}],"wp:term":[{"taxonomy":"product_cat","embeddable":true,"href":"https:\/\/mlekpol.com.pl\/index.php\/wp-json\/wp\/v2\/product_cat?post=2501"},{"taxonomy":"product_tag","embeddable":true,"href":"https:\/\/mlekpol.com.pl\/index.php\/wp-json\/wp\/v2\/product_tag?post=2501"}],"curies":[{"name":"wp","href":"https:\/\/api.w.org\/{rel}","templated":true}]}}