
{"id":2500,"date":"2018-07-31T13:30:52","date_gmt":"2018-07-31T11:30:52","guid":{"rendered":"http:\/\/mlekpol.thinq.pl\/index.php\/produkt\/ser-podlaski-porcje\/"},"modified":"2022-12-15T15:36:19","modified_gmt":"2022-12-15T14:36:19","slug":"ser-podlaski-porcje","status":"publish","type":"product","link":"https:\/\/mlekpol.com.pl\/index.php\/produkt\/ser-podlaski-porcje\/","title":{"rendered":"Ser Podlaski porcje"},"content":{"rendered":"<p>Doskona\u0142y ser \u017c\u00f3\u0142ty typu holenderskiego, ceniony za sw\u00f3j \u0142agodny i wytrawny smak. Wyprodukowany z najlepszego mleka od kr\u00f3w wypasanych w najczystszych regionach Polski. Uniwersalny w zastosowaniu: \u015bwietnie sprawdza si\u0119 na kanapce, w zapiekankach i jako przek\u0105ska koktajlowa na desk\u0119 ser\u00f3w.<\/p>\n","protected":false},"excerpt":{"rendered":"<p>Doskona\u0142y ser \u017c\u00f3\u0142ty typu holenderskiego, ceniony za sw\u00f3j \u0142agodny i wytrawny smak. Wyprodukowany z najlepszego mleka od kr\u00f3w wypasanych w najczystszych regionach Polski. Uniwersalny w zastosowaniu: \u015bwietnie sprawdza si\u0119 na kanapce, w zapiekankach i jako przek\u0105ska koktajlowa na desk\u0119 ser\u00f3w.<\/p>\n","protected":false},"featured_media":23597,"template":"","meta":[],"product_cat":[558,1211,24],"product_tag":[],"_links":{"self":[{"href":"https:\/\/mlekpol.com.pl\/index.php\/wp-json\/wp\/v2\/product\/2500"}],"collection":[{"href":"https:\/\/mlekpol.com.pl\/index.php\/wp-json\/wp\/v2\/product"}],"about":[{"href":"https:\/\/mlekpol.com.pl\/index.php\/wp-json\/wp\/v2\/types\/product"}],"wp:featuredmedia":[{"embeddable":true,"href":"https:\/\/mlekpol.com.pl\/index.php\/wp-json\/wp\/v2\/media\/23597"}],"wp:attachment":[{"href":"https:\/\/mlekpol.com.pl\/index.php\/wp-json\/wp\/v2\/media?parent=2500"}],"wp:term":[{"taxonomy":"product_cat","embeddable":true,"href":"https:\/\/mlekpol.com.pl\/index.php\/wp-json\/wp\/v2\/product_cat?post=2500"},{"taxonomy":"product_tag","embeddable":true,"href":"https:\/\/mlekpol.com.pl\/index.php\/wp-json\/wp\/v2\/product_tag?post=2500"}],"curies":[{"name":"wp","href":"https:\/\/api.w.org\/{rel}","templated":true}]}}