
{"id":2489,"date":"2018-07-31T13:30:47","date_gmt":"2018-07-31T11:30:47","guid":{"rendered":"http:\/\/mlekpol.thinq.pl\/index.php\/produkt\/ser-krolewski-z-kolna-plastry-2\/"},"modified":"2022-07-18T18:37:06","modified_gmt":"2022-07-18T16:37:06","slug":"ser-krolewski-z-kolna-plastry-2","status":"publish","type":"product","link":"https:\/\/mlekpol.com.pl\/index.php\/produkt\/ser-krolewski-z-kolna-plastry-2\/","title":{"rendered":"Ser Kr\u00f3lewski z Kolna plastry"},"content":{"rendered":"<p>Doskona\u0142y ser \u017c\u00f3\u0142ty typu szwajcarskiego wyprodukowany z najlepszego mleka od kr\u00f3w wypasanych w najczystszych regionach Polski. Wyrafinowany smak Kr\u00f3lewskiego z Kolna \u2013 lekko s\u0142odkawy z orzechow\u0105 nut\u0105 \u2013 zadowoli najbardziej wymagaj\u0105cych smakoszy.<\/p>\n","protected":false},"excerpt":{"rendered":"<p>Doskona\u0142y ser \u017c\u00f3\u0142ty typu szwajcarskiego wyprodukowany z najlepszego mleka od kr\u00f3w wypasanych w najczystszych regionach Polski. Wyrafinowany smak Kr\u00f3lewskiego z Kolna \u2013 lekko s\u0142odkawy z orzechow\u0105 nut\u0105 \u2013 zadowoli najbardziej wymagaj\u0105cych smakoszy.<\/p>\n","protected":false},"featured_media":23556,"template":"","meta":[],"product_cat":[179,558,1209,24],"product_tag":[],"_links":{"self":[{"href":"https:\/\/mlekpol.com.pl\/index.php\/wp-json\/wp\/v2\/product\/2489"}],"collection":[{"href":"https:\/\/mlekpol.com.pl\/index.php\/wp-json\/wp\/v2\/product"}],"about":[{"href":"https:\/\/mlekpol.com.pl\/index.php\/wp-json\/wp\/v2\/types\/product"}],"wp:featuredmedia":[{"embeddable":true,"href":"https:\/\/mlekpol.com.pl\/index.php\/wp-json\/wp\/v2\/media\/23556"}],"wp:attachment":[{"href":"https:\/\/mlekpol.com.pl\/index.php\/wp-json\/wp\/v2\/media?parent=2489"}],"wp:term":[{"taxonomy":"product_cat","embeddable":true,"href":"https:\/\/mlekpol.com.pl\/index.php\/wp-json\/wp\/v2\/product_cat?post=2489"},{"taxonomy":"product_tag","embeddable":true,"href":"https:\/\/mlekpol.com.pl\/index.php\/wp-json\/wp\/v2\/product_tag?post=2489"}],"curies":[{"name":"wp","href":"https:\/\/api.w.org\/{rel}","templated":true}]}}