
{"id":24887,"date":"2023-04-17T20:42:32","date_gmt":"2023-04-17T18:42:32","guid":{"rendered":"https:\/\/mlekpol.com.pl\/?post_type=product&#038;p=24887"},"modified":"2025-06-16T14:27:33","modified_gmt":"2025-06-16T12:27:33","slug":"ayran","status":"publish","type":"product","link":"https:\/\/mlekpol.com.pl\/index.php\/produkt\/ayran\/","title":{"rendered":"Ayran"},"content":{"rendered":"<p>Ayran pod mark\u0105 Mlekpol to ciesz\u0105cy si\u0119 coraz wi\u0119ksz\u0105 popularno\u015bci\u0105 turecki nap\u00f3j jogurtowy, kt\u00f3ry sk\u0142ada si\u0119 jedynie z trzech sk\u0142adnik\u00f3w: jogurtu, wody i soli. Ayran ma konsystencj\u0119 idealn\u0105 do picia, doskonale orze\u017awia i gasi pragnienie w upalne dni, a je\u017celi chcemy spot\u0119gowa\u0107 jego ch\u0142odz\u0105ce w\u0142a\u015bciwo\u015bci, mo\u017cemy spo\u017cywa\u0107 go z dodatkiem lodu lub mi\u0119ty. Dzi\u0119ki por\u0119cznemu opakowaniu z kategorii on the go o pojemno\u015bci 330 mililitr\u00f3w, kt\u00f3re chroni produkt przed dzia\u0142aniem promieni s\u0142onecznych, Ayran od Mlekpolu \u015bwietnie sprawdza si\u0119 jako samodzielna przek\u0105ska poza domem. Doskonale komponuje si\u0119 z ostrymi daniami. Pasuje te\u017c na przyk\u0142ad do wytrawnych pierog\u00f3w czy plack\u00f3w ziemniaczanych, a tradycyjnie podawany jest w towarzystwie kebabu.<\/p>\n","protected":false},"excerpt":{"rendered":"<p>Ayran pod mark\u0105 Mlekpol to ciesz\u0105cy si\u0119 coraz wi\u0119ksz\u0105 popularno\u015bci\u0105 turecki nap\u00f3j jogurtowy, kt\u00f3ry sk\u0142ada si\u0119 jedynie z trzech sk\u0142adnik\u00f3w: jogurtu, wody i soli. Ayran ma konsystencj\u0119 idealn\u0105 do picia, doskonale orze\u017awia i gasi pragnienie w upalne dni, a je\u017celi chcemy spot\u0119gowa\u0107 jego ch\u0142odz\u0105ce w\u0142a\u015bciwo\u015bci, mo\u017cemy spo\u017cywa\u0107 go z dodatkiem lodu lub mi\u0119ty. Dzi\u0119ki por\u0119cznemu [&hellip;]<\/p>\n","protected":false},"featured_media":30689,"template":"","meta":[],"product_cat":[37,558,18],"product_tag":[],"_links":{"self":[{"href":"https:\/\/mlekpol.com.pl\/index.php\/wp-json\/wp\/v2\/product\/24887"}],"collection":[{"href":"https:\/\/mlekpol.com.pl\/index.php\/wp-json\/wp\/v2\/product"}],"about":[{"href":"https:\/\/mlekpol.com.pl\/index.php\/wp-json\/wp\/v2\/types\/product"}],"wp:featuredmedia":[{"embeddable":true,"href":"https:\/\/mlekpol.com.pl\/index.php\/wp-json\/wp\/v2\/media\/30689"}],"wp:attachment":[{"href":"https:\/\/mlekpol.com.pl\/index.php\/wp-json\/wp\/v2\/media?parent=24887"}],"wp:term":[{"taxonomy":"product_cat","embeddable":true,"href":"https:\/\/mlekpol.com.pl\/index.php\/wp-json\/wp\/v2\/product_cat?post=24887"},{"taxonomy":"product_tag","embeddable":true,"href":"https:\/\/mlekpol.com.pl\/index.php\/wp-json\/wp\/v2\/product_tag?post=24887"}],"curies":[{"name":"wp","href":"https:\/\/api.w.org\/{rel}","templated":true}]}}