
{"id":2488,"date":"2018-07-31T13:30:47","date_gmt":"2018-07-31T11:30:47","guid":{"rendered":"http:\/\/mlekpol.thinq.pl\/index.php\/produkt\/ser-salami-plastry-2\/"},"modified":"2022-12-15T16:05:08","modified_gmt":"2022-12-15T15:05:08","slug":"ser-salami-plastry-2","status":"publish","type":"product","link":"https:\/\/mlekpol.com.pl\/index.php\/produkt\/ser-salami-plastry-2\/","title":{"rendered":"Ser Salami plastry"},"content":{"rendered":"<p>Wyborny ser dojrzewaj\u0105cy wyprodukowany z najlepszego mleka od kr\u00f3w wypasanych w najczystszych regionach Polski. \u015awietnie sprawdza si\u0119 na kanapce, w zapiekankach i jako przek\u0105ska koktajlowa na desk\u0119 ser\u00f3w.<\/p>\n","protected":false},"excerpt":{"rendered":"<p>Wyborny ser dojrzewaj\u0105cy wyprodukowany z najlepszego mleka od kr\u00f3w wypasanych w najczystszych regionach Polski. \u015awietnie sprawdza si\u0119 na kanapce, w zapiekankach i jako przek\u0105ska koktajlowa na desk\u0119 ser\u00f3w.<\/p>\n","protected":false},"featured_media":23560,"template":"","meta":[],"product_cat":[179,558,1209,24],"product_tag":[],"_links":{"self":[{"href":"https:\/\/mlekpol.com.pl\/index.php\/wp-json\/wp\/v2\/product\/2488"}],"collection":[{"href":"https:\/\/mlekpol.com.pl\/index.php\/wp-json\/wp\/v2\/product"}],"about":[{"href":"https:\/\/mlekpol.com.pl\/index.php\/wp-json\/wp\/v2\/types\/product"}],"wp:featuredmedia":[{"embeddable":true,"href":"https:\/\/mlekpol.com.pl\/index.php\/wp-json\/wp\/v2\/media\/23560"}],"wp:attachment":[{"href":"https:\/\/mlekpol.com.pl\/index.php\/wp-json\/wp\/v2\/media?parent=2488"}],"wp:term":[{"taxonomy":"product_cat","embeddable":true,"href":"https:\/\/mlekpol.com.pl\/index.php\/wp-json\/wp\/v2\/product_cat?post=2488"},{"taxonomy":"product_tag","embeddable":true,"href":"https:\/\/mlekpol.com.pl\/index.php\/wp-json\/wp\/v2\/product_tag?post=2488"}],"curies":[{"name":"wp","href":"https:\/\/api.w.org\/{rel}","templated":true}]}}