
{"id":24874,"date":"2023-04-14T10:47:17","date_gmt":"2023-04-14T08:47:17","guid":{"rendered":"https:\/\/mlekpol.com.pl\/?post_type=product&#038;p=24874"},"modified":"2023-04-14T11:10:46","modified_gmt":"2023-04-14T09:10:46","slug":"ser-mozzarella-plastry","status":"publish","type":"product","link":"https:\/\/mlekpol.com.pl\/index.php\/produkt\/ser-mozzarella-plastry\/","title":{"rendered":"Ser Mozzarella &#8211; plastry &#8211; 150 g"},"content":{"rendered":"<p>Ser Mozzarella 150 g w plastrach to ser pyszny i u\u017cyteczny, nale\u017c\u0105cy do ser\u00f3w niedojrzewaj\u0105cych typu pasta filata. Dzi\u0119ki temu po zapiekaniu ser ci\u0105gnie si\u0119 i rumieni. To pe\u0142nowarto\u015bciowa i smaczna podstawa posi\u0142ku. \u0179r\u00f3d\u0142o witamin B2, B12 oraz witaminy A, a tak\u017ce naturalnie wyst\u0119puj\u0105cych minera\u0142\u00f3w: wapnia, cynku i potasu.<\/p>\n<p>Sery typu w\u0142oskiego jak sery Mozzarella Mlekpol, idealnie komponuj\u0105 si\u0119 z makaronami i zapiekankami. Pasuj\u0105 do pizzy i tost\u00f3w. A u\u017cycie na kanapce lub na desce ser\u00f3w poszerzy mo\u017cliwo\u015bci ich zastosowania i pozwoli doceni\u0107 walory wynikaj\u0105ce z prostego sk\u0142adu produkt\u00f3w.<\/p>\n<p>Na opakowaniu umie\u015bcili\u015bmy wyra\u017ane oznakowanie odnosz\u0105ce si\u0119 do wysokiej zawarto\u015bci bia\u0142ka oraz wapnia.<\/p>\n","protected":false},"excerpt":{"rendered":"<p>Ser Mozzarella 150 g w plastrach to ser pyszny i u\u017cyteczny, nale\u017c\u0105cy do ser\u00f3w niedojrzewaj\u0105cych typu pasta filata. Dzi\u0119ki temu po zapiekaniu ser ci\u0105gnie si\u0119 i rumieni. To pe\u0142nowarto\u015bciowa i smaczna podstawa posi\u0142ku. \u0179r\u00f3d\u0142o witamin B2, B12 oraz witaminy A, a tak\u017ce naturalnie wyst\u0119puj\u0105cych minera\u0142\u00f3w: wapnia, cynku i potasu. Sery typu w\u0142oskiego jak sery Mozzarella [&hellip;]<\/p>\n","protected":false},"featured_media":24877,"template":"","meta":[],"product_cat":[558,1231,1209,24],"product_tag":[],"_links":{"self":[{"href":"https:\/\/mlekpol.com.pl\/index.php\/wp-json\/wp\/v2\/product\/24874"}],"collection":[{"href":"https:\/\/mlekpol.com.pl\/index.php\/wp-json\/wp\/v2\/product"}],"about":[{"href":"https:\/\/mlekpol.com.pl\/index.php\/wp-json\/wp\/v2\/types\/product"}],"wp:featuredmedia":[{"embeddable":true,"href":"https:\/\/mlekpol.com.pl\/index.php\/wp-json\/wp\/v2\/media\/24877"}],"wp:attachment":[{"href":"https:\/\/mlekpol.com.pl\/index.php\/wp-json\/wp\/v2\/media?parent=24874"}],"wp:term":[{"taxonomy":"product_cat","embeddable":true,"href":"https:\/\/mlekpol.com.pl\/index.php\/wp-json\/wp\/v2\/product_cat?post=24874"},{"taxonomy":"product_tag","embeddable":true,"href":"https:\/\/mlekpol.com.pl\/index.php\/wp-json\/wp\/v2\/product_tag?post=24874"}],"curies":[{"name":"wp","href":"https:\/\/api.w.org\/{rel}","templated":true}]}}