
{"id":2486,"date":"2018-07-31T13:30:46","date_gmt":"2018-07-31T11:30:46","guid":{"rendered":"http:\/\/mlekpol.thinq.pl\/index.php\/produkt\/ser-gouda-plastry-2\/"},"modified":"2022-12-15T16:09:58","modified_gmt":"2022-12-15T15:09:58","slug":"ser-gouda-plastry-2","status":"publish","type":"product","link":"https:\/\/mlekpol.com.pl\/index.php\/produkt\/ser-gouda-plastry-2\/","title":{"rendered":"Ser Gouda plastry"},"content":{"rendered":"<p>Doskona\u0142y ser \u017c\u00f3\u0142ty typu holenderskiego, ceniony za sw\u00f3j \u0142agodny i wytrawny smak. Wyprodukowany z najlepszego mleka od kr\u00f3w wypasanych w najczystszych regionach Polski.<br \/>\nUniwersalny w zastosowaniu: \u015bwietnie sprawdza si\u0119 na kanapce, w zapiekankach i jako przek\u0105ska koktajlowa w formie roladek.<\/p>\n","protected":false},"excerpt":{"rendered":"<p>Doskona\u0142y ser \u017c\u00f3\u0142ty typu holenderskiego, ceniony za sw\u00f3j \u0142agodny i wytrawny smak. Wyprodukowany z najlepszego mleka od kr\u00f3w wypasanych w najczystszych regionach Polski. Uniwersalny w zastosowaniu: \u015bwietnie sprawdza si\u0119 na kanapce, w zapiekankach i jako przek\u0105ska koktajlowa w formie roladek.<\/p>\n","protected":false},"featured_media":23550,"template":"","meta":[],"product_cat":[179,558,1209,24],"product_tag":[],"_links":{"self":[{"href":"https:\/\/mlekpol.com.pl\/index.php\/wp-json\/wp\/v2\/product\/2486"}],"collection":[{"href":"https:\/\/mlekpol.com.pl\/index.php\/wp-json\/wp\/v2\/product"}],"about":[{"href":"https:\/\/mlekpol.com.pl\/index.php\/wp-json\/wp\/v2\/types\/product"}],"wp:featuredmedia":[{"embeddable":true,"href":"https:\/\/mlekpol.com.pl\/index.php\/wp-json\/wp\/v2\/media\/23550"}],"wp:attachment":[{"href":"https:\/\/mlekpol.com.pl\/index.php\/wp-json\/wp\/v2\/media?parent=2486"}],"wp:term":[{"taxonomy":"product_cat","embeddable":true,"href":"https:\/\/mlekpol.com.pl\/index.php\/wp-json\/wp\/v2\/product_cat?post=2486"},{"taxonomy":"product_tag","embeddable":true,"href":"https:\/\/mlekpol.com.pl\/index.php\/wp-json\/wp\/v2\/product_tag?post=2486"}],"curies":[{"name":"wp","href":"https:\/\/api.w.org\/{rel}","templated":true}]}}