
{"id":2485,"date":"2018-07-31T13:30:46","date_gmt":"2018-07-31T11:30:46","guid":{"rendered":"http:\/\/mlekpol.thinq.pl\/index.php\/produkt\/ser-salami-plastry\/"},"modified":"2022-07-18T20:14:15","modified_gmt":"2022-07-18T18:14:15","slug":"ser-salami-plastry","status":"publish","type":"product","link":"https:\/\/mlekpol.com.pl\/index.php\/produkt\/ser-salami-plastry\/","title":{"rendered":"Ser Salami plastry"},"content":{"rendered":"<p>Wyborny ser dojrzewajacy wyprodukowany z najlepszego mleka od kr\u00f3w wypasanych w najczystszych regionach Polski. \u015awietnie sprawdza si\u0119 na kanapce, w zapiekankach i jako przek\u0105ska koktajlowa.<\/p>\n","protected":false},"excerpt":{"rendered":"<p>Wyborny ser dojrzewajacy wyprodukowany z najlepszego mleka od kr\u00f3w wypasanych w najczystszych regionach Polski. \u015awietnie sprawdza si\u0119 na kanapce, w zapiekankach i jako przek\u0105ska koktajlowa.<\/p>\n","protected":false},"featured_media":23589,"template":"","meta":[],"product_cat":[179,558,1209,24],"product_tag":[],"_links":{"self":[{"href":"https:\/\/mlekpol.com.pl\/index.php\/wp-json\/wp\/v2\/product\/2485"}],"collection":[{"href":"https:\/\/mlekpol.com.pl\/index.php\/wp-json\/wp\/v2\/product"}],"about":[{"href":"https:\/\/mlekpol.com.pl\/index.php\/wp-json\/wp\/v2\/types\/product"}],"wp:featuredmedia":[{"embeddable":true,"href":"https:\/\/mlekpol.com.pl\/index.php\/wp-json\/wp\/v2\/media\/23589"}],"wp:attachment":[{"href":"https:\/\/mlekpol.com.pl\/index.php\/wp-json\/wp\/v2\/media?parent=2485"}],"wp:term":[{"taxonomy":"product_cat","embeddable":true,"href":"https:\/\/mlekpol.com.pl\/index.php\/wp-json\/wp\/v2\/product_cat?post=2485"},{"taxonomy":"product_tag","embeddable":true,"href":"https:\/\/mlekpol.com.pl\/index.php\/wp-json\/wp\/v2\/product_tag?post=2485"}],"curies":[{"name":"wp","href":"https:\/\/api.w.org\/{rel}","templated":true}]}}