
{"id":2473,"date":"2018-07-31T13:30:41","date_gmt":"2018-07-31T11:30:41","guid":{"rendered":"http:\/\/mlekpol.thinq.pl\/index.php\/produkt\/serek-puszysty-smietankowy-laciaty-meksykanski\/"},"modified":"2021-06-14T09:16:57","modified_gmt":"2021-06-14T07:16:57","slug":"serek-puszysty-smietankowy-laciaty-meksykanski","status":"publish","type":"product","link":"https:\/\/mlekpol.com.pl\/index.php\/produkt\/serek-puszysty-smietankowy-laciaty-meksykanski\/","title":{"rendered":"Serek puszysty \u015bmietankowy \u0141aciaty meksyka\u0144ski"},"content":{"rendered":"<p>Powsta\u0142 z najlepszej \u015bmietanki, bez zag\u0119stnik\u00f3w i konserwant\u00f3w. Lekki, delikatny o smaku wzbogaconym typowymi dla kuchni meksyka\u0144skiej, przyprawami . Doskona\u0142y do kanapek z w\u0119dlin\u0105, jako dope\u0142nienie sos\u00f3w, baza dip\u00f3w do \u015bwie\u017cych warzyw i potraw z grilla.<\/p>\n","protected":false},"excerpt":{"rendered":"<p>Powsta\u0142 z najlepszej \u015bmietanki, bez zag\u0119stnik\u00f3w i konserwant\u00f3w. Lekki, delikatny o smaku wzbogaconym typowymi dla kuchni meksyka\u0144skiej, przyprawami . Doskona\u0142y do kanapek z w\u0119dlin\u0105, jako dope\u0142nienie sos\u00f3w, baza dip\u00f3w do \u015bwie\u017cych warzyw i potraw z grilla.<\/p>\n","protected":false},"featured_media":21911,"template":"","meta":[],"product_cat":[23,48],"product_tag":[],"_links":{"self":[{"href":"https:\/\/mlekpol.com.pl\/index.php\/wp-json\/wp\/v2\/product\/2473"}],"collection":[{"href":"https:\/\/mlekpol.com.pl\/index.php\/wp-json\/wp\/v2\/product"}],"about":[{"href":"https:\/\/mlekpol.com.pl\/index.php\/wp-json\/wp\/v2\/types\/product"}],"wp:featuredmedia":[{"embeddable":true,"href":"https:\/\/mlekpol.com.pl\/index.php\/wp-json\/wp\/v2\/media\/21911"}],"wp:attachment":[{"href":"https:\/\/mlekpol.com.pl\/index.php\/wp-json\/wp\/v2\/media?parent=2473"}],"wp:term":[{"taxonomy":"product_cat","embeddable":true,"href":"https:\/\/mlekpol.com.pl\/index.php\/wp-json\/wp\/v2\/product_cat?post=2473"},{"taxonomy":"product_tag","embeddable":true,"href":"https:\/\/mlekpol.com.pl\/index.php\/wp-json\/wp\/v2\/product_tag?post=2473"}],"curies":[{"name":"wp","href":"https:\/\/api.w.org\/{rel}","templated":true}]}}