
{"id":2472,"date":"2018-07-31T13:30:40","date_gmt":"2018-07-31T11:30:40","guid":{"rendered":"http:\/\/mlekpol.thinq.pl\/index.php\/produkt\/serek-puszysty-smietankowy-laciaty-naturalny\/"},"modified":"2021-06-14T09:16:17","modified_gmt":"2021-06-14T07:16:17","slug":"serek-puszysty-smietankowy-laciaty-naturalny","status":"publish","type":"product","link":"https:\/\/mlekpol.com.pl\/index.php\/produkt\/serek-puszysty-smietankowy-laciaty-naturalny\/","title":{"rendered":"Serek puszysty \u015bmietankowy \u0141aciaty naturalny"},"content":{"rendered":"<p>Powsta\u0142 z najlepszej \u015bmietanki, bez zag\u0119stnik\u00f3w i konserwant\u00f3w. Lekki, delikatny o uniwersalnym smaku. Doskona\u0142y do kanapek, jako dope\u0142nienie sos\u00f3w, baza dip\u00f3w do \u015bwie\u017cych warzyw i potraw z grilla. \u015awietnie sprawdza si\u0119 jako sk\u0142adnik krem\u00f3w do ciast i deser\u00f3w.<\/p>\n","protected":false},"excerpt":{"rendered":"<p>Powsta\u0142 z najlepszej \u015bmietanki, bez zag\u0119stnik\u00f3w i konserwant\u00f3w. Lekki, delikatny o uniwersalnym smaku. Doskona\u0142y do kanapek, jako dope\u0142nienie sos\u00f3w, baza dip\u00f3w do \u015bwie\u017cych warzyw i potraw z grilla. \u015awietnie sprawdza si\u0119 jako sk\u0142adnik krem\u00f3w do ciast i deser\u00f3w.<\/p>\n","protected":false},"featured_media":21912,"template":"","meta":[],"product_cat":[23,48],"product_tag":[],"_links":{"self":[{"href":"https:\/\/mlekpol.com.pl\/index.php\/wp-json\/wp\/v2\/product\/2472"}],"collection":[{"href":"https:\/\/mlekpol.com.pl\/index.php\/wp-json\/wp\/v2\/product"}],"about":[{"href":"https:\/\/mlekpol.com.pl\/index.php\/wp-json\/wp\/v2\/types\/product"}],"wp:featuredmedia":[{"embeddable":true,"href":"https:\/\/mlekpol.com.pl\/index.php\/wp-json\/wp\/v2\/media\/21912"}],"wp:attachment":[{"href":"https:\/\/mlekpol.com.pl\/index.php\/wp-json\/wp\/v2\/media?parent=2472"}],"wp:term":[{"taxonomy":"product_cat","embeddable":true,"href":"https:\/\/mlekpol.com.pl\/index.php\/wp-json\/wp\/v2\/product_cat?post=2472"},{"taxonomy":"product_tag","embeddable":true,"href":"https:\/\/mlekpol.com.pl\/index.php\/wp-json\/wp\/v2\/product_tag?post=2472"}],"curies":[{"name":"wp","href":"https:\/\/api.w.org\/{rel}","templated":true}]}}