
{"id":2469,"date":"2018-07-31T13:30:39","date_gmt":"2018-07-31T11:30:39","guid":{"rendered":"http:\/\/mlekpol.thinq.pl\/index.php\/produkt\/serek-smietankowy-laciaty-z-suszonymi-pomidorami\/"},"modified":"2021-06-14T09:12:08","modified_gmt":"2021-06-14T07:12:08","slug":"serek-smietankowy-laciaty-z-suszonymi-pomidorami","status":"publish","type":"product","link":"https:\/\/mlekpol.com.pl\/index.php\/produkt\/serek-smietankowy-laciaty-z-suszonymi-pomidorami\/","title":{"rendered":"Serek \u015bmietankowy \u0141aciaty z suszonymi pomidorami"},"content":{"rendered":"<p>Powsta\u0142 z najlepszej \u015bmietanki, bez zag\u0119stnik\u00f3w i konserwant\u00f3w. Lekki, delikatny o wyrazistym smaku suszonych pomidor\u00f3w. Doskona\u0142y do kanapek, jako dope\u0142nienie sos\u00f3w, baza dip\u00f3w do \u015bwie\u017cych warzyw i potraw z grilla.<\/p>\n","protected":false},"excerpt":{"rendered":"<p>Powsta\u0142 z najlepszej \u015bmietanki, bez zag\u0119stnik\u00f3w i konserwant\u00f3w. Lekki, delikatny o wyrazistym smaku suszonych pomidor\u00f3w. Doskona\u0142y do kanapek, jako dope\u0142nienie sos\u00f3w, baza dip\u00f3w do \u015bwie\u017cych warzyw i potraw z grilla.<\/p>\n","protected":false},"featured_media":21452,"template":"","meta":[],"product_cat":[23,48],"product_tag":[],"_links":{"self":[{"href":"https:\/\/mlekpol.com.pl\/index.php\/wp-json\/wp\/v2\/product\/2469"}],"collection":[{"href":"https:\/\/mlekpol.com.pl\/index.php\/wp-json\/wp\/v2\/product"}],"about":[{"href":"https:\/\/mlekpol.com.pl\/index.php\/wp-json\/wp\/v2\/types\/product"}],"wp:featuredmedia":[{"embeddable":true,"href":"https:\/\/mlekpol.com.pl\/index.php\/wp-json\/wp\/v2\/media\/21452"}],"wp:attachment":[{"href":"https:\/\/mlekpol.com.pl\/index.php\/wp-json\/wp\/v2\/media?parent=2469"}],"wp:term":[{"taxonomy":"product_cat","embeddable":true,"href":"https:\/\/mlekpol.com.pl\/index.php\/wp-json\/wp\/v2\/product_cat?post=2469"},{"taxonomy":"product_tag","embeddable":true,"href":"https:\/\/mlekpol.com.pl\/index.php\/wp-json\/wp\/v2\/product_tag?post=2469"}],"curies":[{"name":"wp","href":"https:\/\/api.w.org\/{rel}","templated":true}]}}