
{"id":2465,"date":"2018-07-31T13:30:38","date_gmt":"2018-07-31T11:30:38","guid":{"rendered":"http:\/\/mlekpol.thinq.pl\/index.php\/produkt\/serek-smietankowy-laciaty-naturalny\/"},"modified":"2024-07-03T02:27:54","modified_gmt":"2024-07-03T00:27:54","slug":"serek-smietankowy-laciaty-naturalny","status":"publish","type":"product","link":"https:\/\/mlekpol.com.pl\/index.php\/produkt\/serek-smietankowy-laciaty-naturalny\/","title":{"rendered":"Serek \u015bmietankowy \u0141aciaty naturalny"},"content":{"rendered":"<p>Powsta\u0142 z najlepszej \u015bmietanki, bez zag\u0119stnik\u00f3w i konserwant\u00f3w. Lekki, delikatny o uniwersalnym smaku. Doskona\u0142y do kanapek, jako dope\u0142nienie sos\u00f3w, baza dip\u00f3w do \u015bwie\u017cych warzyw i potraw z grilla. \u015awietnie sprawdza si\u0119 jako sk\u0142adnik krem\u00f3w do ciast i deser\u00f3w. Idealny materia\u0142 na serniki na zimno i pieczone.<\/p>\n","protected":false},"excerpt":{"rendered":"<p>Powsta\u0142 z najlepszej \u015bmietanki, bez zag\u0119stnik\u00f3w i konserwant\u00f3w. Lekki, delikatny o uniwersalnym smaku. Doskona\u0142y do kanapek, jako dope\u0142nienie sos\u00f3w, baza dip\u00f3w do \u015bwie\u017cych warzyw i potraw z grilla. \u015awietnie sprawdza si\u0119 jako sk\u0142adnik krem\u00f3w do ciast i deser\u00f3w. Idealny materia\u0142 na serniki na zimno i pieczone.<\/p>\n","protected":false},"featured_media":27757,"template":"","meta":[],"product_cat":[23,48],"product_tag":[],"_links":{"self":[{"href":"https:\/\/mlekpol.com.pl\/index.php\/wp-json\/wp\/v2\/product\/2465"}],"collection":[{"href":"https:\/\/mlekpol.com.pl\/index.php\/wp-json\/wp\/v2\/product"}],"about":[{"href":"https:\/\/mlekpol.com.pl\/index.php\/wp-json\/wp\/v2\/types\/product"}],"wp:featuredmedia":[{"embeddable":true,"href":"https:\/\/mlekpol.com.pl\/index.php\/wp-json\/wp\/v2\/media\/27757"}],"wp:attachment":[{"href":"https:\/\/mlekpol.com.pl\/index.php\/wp-json\/wp\/v2\/media?parent=2465"}],"wp:term":[{"taxonomy":"product_cat","embeddable":true,"href":"https:\/\/mlekpol.com.pl\/index.php\/wp-json\/wp\/v2\/product_cat?post=2465"},{"taxonomy":"product_tag","embeddable":true,"href":"https:\/\/mlekpol.com.pl\/index.php\/wp-json\/wp\/v2\/product_tag?post=2465"}],"curies":[{"name":"wp","href":"https:\/\/api.w.org\/{rel}","templated":true}]}}