
{"id":2462,"date":"2018-07-31T13:30:37","date_gmt":"2018-07-31T11:30:37","guid":{"rendered":"http:\/\/mlekpol.thinq.pl\/index.php\/produkt\/serek-homogeniowany-poznanski-waniliowy\/"},"modified":"2022-12-09T22:22:10","modified_gmt":"2022-12-09T21:22:10","slug":"serek-homogeniowany-poznanski-waniliowy","status":"publish","type":"product","link":"https:\/\/mlekpol.com.pl\/index.php\/produkt\/serek-homogeniowany-poznanski-waniliowy\/","title":{"rendered":"Serek homogenizowany pozna\u0144ski waniliowy"},"content":{"rendered":"<p>Po\u0142\u0105czenie aksamitnego serka i aromatycznej wanilii. Smak uwielbiany przez dzieci i doros\u0142ych. Pyszny deser albo dodatek do da\u0144 na s\u0142odko. \u0179r\u00f3d\u0142o bia\u0142ka i wapnia<br \/>\nw wygodnym kubku.<\/p>\n","protected":false},"excerpt":{"rendered":"<p>Po\u0142\u0105czenie aksamitnego serka i aromatycznej wanilii. Smak uwielbiany przez dzieci i doros\u0142ych. Pyszny deser albo dodatek do da\u0144 na s\u0142odko. \u0179r\u00f3d\u0142o bia\u0142ka i wapnia w wygodnym kubku.<\/p>\n","protected":false},"featured_media":3849,"template":"","meta":[],"product_cat":[109,20],"product_tag":[],"_links":{"self":[{"href":"https:\/\/mlekpol.com.pl\/index.php\/wp-json\/wp\/v2\/product\/2462"}],"collection":[{"href":"https:\/\/mlekpol.com.pl\/index.php\/wp-json\/wp\/v2\/product"}],"about":[{"href":"https:\/\/mlekpol.com.pl\/index.php\/wp-json\/wp\/v2\/types\/product"}],"wp:featuredmedia":[{"embeddable":true,"href":"https:\/\/mlekpol.com.pl\/index.php\/wp-json\/wp\/v2\/media\/3849"}],"wp:attachment":[{"href":"https:\/\/mlekpol.com.pl\/index.php\/wp-json\/wp\/v2\/media?parent=2462"}],"wp:term":[{"taxonomy":"product_cat","embeddable":true,"href":"https:\/\/mlekpol.com.pl\/index.php\/wp-json\/wp\/v2\/product_cat?post=2462"},{"taxonomy":"product_tag","embeddable":true,"href":"https:\/\/mlekpol.com.pl\/index.php\/wp-json\/wp\/v2\/product_tag?post=2462"}],"curies":[{"name":"wp","href":"https:\/\/api.w.org\/{rel}","templated":true}]}}