
{"id":2461,"date":"2018-07-31T13:30:36","date_gmt":"2018-07-31T11:30:36","guid":{"rendered":"http:\/\/mlekpol.thinq.pl\/index.php\/produkt\/serek-homogeniowany-poznanski\/"},"modified":"2022-12-09T22:24:29","modified_gmt":"2022-12-09T21:24:29","slug":"serek-homogeniowany-poznanski","status":"publish","type":"product","link":"https:\/\/mlekpol.com.pl\/index.php\/produkt\/serek-homogeniowany-poznanski\/","title":{"rendered":"Serek homogenizowany pozna\u0144ski"},"content":{"rendered":"<p>Zdrowa przek\u0105ska albo baza do deseru. Naturalny smak, aksamitna konsystencja, bez konserwant\u00f3w. Doskona\u0142y jako samodzielna przek\u0105ska, idealnie sprawdzi si\u0119 te\u017c jako dodatek do sos\u00f3w i dip\u00f3w. Idealnie komponuje si\u0119 ze s\u0142odkimi dodatkami: miodem, konfitura i owocami.<\/p>\n","protected":false},"excerpt":{"rendered":"<p>Zdrowa przek\u0105ska albo baza do deseru. Naturalny smak, aksamitna konsystencja, bez konserwant\u00f3w. Doskona\u0142y jako samodzielna przek\u0105ska, idealnie sprawdzi si\u0119 te\u017c jako dodatek do sos\u00f3w i dip\u00f3w. Idealnie komponuje si\u0119 ze s\u0142odkimi dodatkami: miodem, konfitura i owocami.<\/p>\n","protected":false},"featured_media":3847,"template":"","meta":[],"product_cat":[109,20],"product_tag":[],"_links":{"self":[{"href":"https:\/\/mlekpol.com.pl\/index.php\/wp-json\/wp\/v2\/product\/2461"}],"collection":[{"href":"https:\/\/mlekpol.com.pl\/index.php\/wp-json\/wp\/v2\/product"}],"about":[{"href":"https:\/\/mlekpol.com.pl\/index.php\/wp-json\/wp\/v2\/types\/product"}],"wp:featuredmedia":[{"embeddable":true,"href":"https:\/\/mlekpol.com.pl\/index.php\/wp-json\/wp\/v2\/media\/3847"}],"wp:attachment":[{"href":"https:\/\/mlekpol.com.pl\/index.php\/wp-json\/wp\/v2\/media?parent=2461"}],"wp:term":[{"taxonomy":"product_cat","embeddable":true,"href":"https:\/\/mlekpol.com.pl\/index.php\/wp-json\/wp\/v2\/product_cat?post=2461"},{"taxonomy":"product_tag","embeddable":true,"href":"https:\/\/mlekpol.com.pl\/index.php\/wp-json\/wp\/v2\/product_tag?post=2461"}],"curies":[{"name":"wp","href":"https:\/\/api.w.org\/{rel}","templated":true}]}}