
{"id":2458,"date":"2018-07-31T13:30:35","date_gmt":"2018-07-31T11:30:35","guid":{"rendered":"http:\/\/mlekpol.thinq.pl\/index.php\/produkt\/serek-homogenizowany-pyszny-truskawkowy\/"},"modified":"2022-07-26T16:11:44","modified_gmt":"2022-07-26T14:11:44","slug":"serek-homogenizowany-pyszny-truskawkowy","status":"publish","type":"product","link":"https:\/\/mlekpol.com.pl\/index.php\/produkt\/serek-homogenizowany-pyszny-truskawkowy\/","title":{"rendered":"Serek homogenizowany Pyszny truskawkowy"},"content":{"rendered":"<p>Aksamitna konsystencja i pyszny smak. Po\u0142\u0105czenie najlepszego polskiego mleka od kr\u00f3w skarmianych paszami bez GMO i naturalnych dodatk\u00f3w. Porcja wapnia i bia\u0142ka w formie pysznego deseru lub lekkiej przek\u0105ski. Serki Pyszne s\u0105 termizowane, dlatego d\u0142u\u017cej zachowuj\u0105 przydatno\u015b\u0107 do spo\u017cycia (przed otwarciem)<\/p>\n","protected":false},"excerpt":{"rendered":"<p>Aksamitna konsystencja i pyszny smak. Po\u0142\u0105czenie najlepszego polskiego mleka od kr\u00f3w skarmianych paszami bez GMO i naturalnych dodatk\u00f3w. Porcja wapnia i bia\u0142ka w formie pysznego deseru lub lekkiej przek\u0105ski. Serki Pyszne s\u0105 termizowane, dlatego d\u0142u\u017cej zachowuj\u0105 przydatno\u015b\u0107 do spo\u017cycia (przed otwarciem)<\/p>\n","protected":false},"featured_media":23722,"template":"","meta":[],"product_cat":[558,20],"product_tag":[],"_links":{"self":[{"href":"https:\/\/mlekpol.com.pl\/index.php\/wp-json\/wp\/v2\/product\/2458"}],"collection":[{"href":"https:\/\/mlekpol.com.pl\/index.php\/wp-json\/wp\/v2\/product"}],"about":[{"href":"https:\/\/mlekpol.com.pl\/index.php\/wp-json\/wp\/v2\/types\/product"}],"wp:featuredmedia":[{"embeddable":true,"href":"https:\/\/mlekpol.com.pl\/index.php\/wp-json\/wp\/v2\/media\/23722"}],"wp:attachment":[{"href":"https:\/\/mlekpol.com.pl\/index.php\/wp-json\/wp\/v2\/media?parent=2458"}],"wp:term":[{"taxonomy":"product_cat","embeddable":true,"href":"https:\/\/mlekpol.com.pl\/index.php\/wp-json\/wp\/v2\/product_cat?post=2458"},{"taxonomy":"product_tag","embeddable":true,"href":"https:\/\/mlekpol.com.pl\/index.php\/wp-json\/wp\/v2\/product_tag?post=2458"}],"curies":[{"name":"wp","href":"https:\/\/api.w.org\/{rel}","templated":true}]}}