
{"id":2451,"date":"2018-07-31T13:30:33","date_gmt":"2018-07-31T11:30:33","guid":{"rendered":"http:\/\/mlekpol.thinq.pl\/index.php\/produkt\/serek-homogenizowany-rolmlecz-waniliowy-z-laska-wanilii\/"},"modified":"2022-12-09T22:30:17","modified_gmt":"2022-12-09T21:30:17","slug":"serek-homogenizowany-rolmlecz-waniliowy-z-laska-wanilii","status":"publish","type":"product","link":"https:\/\/mlekpol.com.pl\/index.php\/produkt\/serek-homogenizowany-rolmlecz-waniliowy-z-laska-wanilii\/","title":{"rendered":"Serek homogenizowany Rolmlecz waniliowy z lask\u0105 wanilii"},"content":{"rendered":"<p>Minimum sk\u0142adnik\u00f3w &#8211; maximum smaku! Kultowy serek \u201ez kr\u00f3wk\u0105\u201d wzbogacony naturaln\u0105 wanili\u0105. Doskona\u0142e dope\u0142nianie nale\u015bnik\u00f3w, owoc\u00f3w lub zdrowa s\u0142odka przek\u0105ska. Powsta\u0142 z najlepszego polskiego mleka od kr\u00f3w skarmianych paszami bez GMO.<\/p>\n","protected":false},"excerpt":{"rendered":"<p>Minimum sk\u0142adnik\u00f3w &#8211; maximum smaku! Kultowy serek \u201ez kr\u00f3wk\u0105\u201d wzbogacony naturaln\u0105 wanili\u0105. Doskona\u0142e dope\u0142nianie nale\u015bnik\u00f3w, owoc\u00f3w lub zdrowa s\u0142odka przek\u0105ska. Powsta\u0142 z najlepszego polskiego mleka od kr\u00f3w skarmianych paszami bez GMO.<\/p>\n","protected":false},"featured_media":21749,"template":"","meta":[],"product_cat":[109,20],"product_tag":[],"_links":{"self":[{"href":"https:\/\/mlekpol.com.pl\/index.php\/wp-json\/wp\/v2\/product\/2451"}],"collection":[{"href":"https:\/\/mlekpol.com.pl\/index.php\/wp-json\/wp\/v2\/product"}],"about":[{"href":"https:\/\/mlekpol.com.pl\/index.php\/wp-json\/wp\/v2\/types\/product"}],"wp:featuredmedia":[{"embeddable":true,"href":"https:\/\/mlekpol.com.pl\/index.php\/wp-json\/wp\/v2\/media\/21749"}],"wp:attachment":[{"href":"https:\/\/mlekpol.com.pl\/index.php\/wp-json\/wp\/v2\/media?parent=2451"}],"wp:term":[{"taxonomy":"product_cat","embeddable":true,"href":"https:\/\/mlekpol.com.pl\/index.php\/wp-json\/wp\/v2\/product_cat?post=2451"},{"taxonomy":"product_tag","embeddable":true,"href":"https:\/\/mlekpol.com.pl\/index.php\/wp-json\/wp\/v2\/product_tag?post=2451"}],"curies":[{"name":"wp","href":"https:\/\/api.w.org\/{rel}","templated":true}]}}