
{"id":2450,"date":"2018-07-31T13:30:32","date_gmt":"2018-07-31T11:30:32","guid":{"rendered":"http:\/\/mlekpol.thinq.pl\/index.php\/produkt\/serek-homogenizowany-rolmlecz-truskawka-2\/"},"modified":"2022-12-09T22:31:46","modified_gmt":"2022-12-09T21:31:46","slug":"serek-homogenizowany-rolmlecz-truskawka-2","status":"publish","type":"product","link":"https:\/\/mlekpol.com.pl\/index.php\/produkt\/serek-homogenizowany-rolmlecz-truskawka-2\/","title":{"rendered":"Serek homogenizowany Rolmlecz truskawkowy"},"content":{"rendered":"<p>Po\u0142\u0105czenie g\u0119stego, aksamitnego serka z mleka od kr\u00f3w skarmianych paszami bez GMO, i naturalnych dodatk\u00f3w. Idealnie sprawdza si\u0119 jako zdrowa przek\u0105ska, deser lub dodatek do owoc\u00f3w, ciast i nale\u015bnik\u00f3w.<\/p>\n","protected":false},"excerpt":{"rendered":"<p>Po\u0142\u0105czenie g\u0119stego, aksamitnego serka z mleka od kr\u00f3w skarmianych paszami bez GMO, i naturalnych dodatk\u00f3w. Idealnie sprawdza si\u0119 jako zdrowa przek\u0105ska, deser lub dodatek do owoc\u00f3w, ciast i nale\u015bnik\u00f3w.<\/p>\n","protected":false},"featured_media":21743,"template":"","meta":[],"product_cat":[109,20],"product_tag":[],"_links":{"self":[{"href":"https:\/\/mlekpol.com.pl\/index.php\/wp-json\/wp\/v2\/product\/2450"}],"collection":[{"href":"https:\/\/mlekpol.com.pl\/index.php\/wp-json\/wp\/v2\/product"}],"about":[{"href":"https:\/\/mlekpol.com.pl\/index.php\/wp-json\/wp\/v2\/types\/product"}],"wp:featuredmedia":[{"embeddable":true,"href":"https:\/\/mlekpol.com.pl\/index.php\/wp-json\/wp\/v2\/media\/21743"}],"wp:attachment":[{"href":"https:\/\/mlekpol.com.pl\/index.php\/wp-json\/wp\/v2\/media?parent=2450"}],"wp:term":[{"taxonomy":"product_cat","embeddable":true,"href":"https:\/\/mlekpol.com.pl\/index.php\/wp-json\/wp\/v2\/product_cat?post=2450"},{"taxonomy":"product_tag","embeddable":true,"href":"https:\/\/mlekpol.com.pl\/index.php\/wp-json\/wp\/v2\/product_tag?post=2450"}],"curies":[{"name":"wp","href":"https:\/\/api.w.org\/{rel}","templated":true}]}}