
{"id":2447,"date":"2018-07-31T13:30:31","date_gmt":"2018-07-31T11:30:31","guid":{"rendered":"http:\/\/mlekpol.thinq.pl\/index.php\/produkt\/serek-homogenizowany-rolmlecz-naturalny\/"},"modified":"2022-12-09T22:38:16","modified_gmt":"2022-12-09T21:38:16","slug":"serek-homogenizowany-rolmlecz-naturalny","status":"publish","type":"product","link":"https:\/\/mlekpol.com.pl\/index.php\/produkt\/serek-homogenizowany-rolmlecz-naturalny\/","title":{"rendered":"Serek homogenizowany Rolmlecz naturalny"},"content":{"rendered":"<p>Pe\u0142nowarto\u015bciowa, zdrowa przek\u0105ska. Naturalny smak, aksamitna konsystencja, bez konserwant\u00f3w. Powsta\u0142 z najlepszego mleka od kr\u00f3w wypasanych w najczystszych rejonach Polski. Doskona\u0142y jako baza dip\u00f3w do grillowanych i \u015bwie\u017cych warzyw. Idealnie sprawdzi si\u0119 te\u017c jako baza do deser\u00f3w, dodatek do owoc\u00f3w, ciast i nale\u015bnik\u00f3w.<\/p>\n","protected":false},"excerpt":{"rendered":"<p>Pe\u0142nowarto\u015bciowa, zdrowa przek\u0105ska. Naturalny smak, aksamitna konsystencja, bez konserwant\u00f3w. Powsta\u0142 z najlepszego mleka od kr\u00f3w wypasanych w najczystszych rejonach Polski. Doskona\u0142y jako baza dip\u00f3w do grillowanych i \u015bwie\u017cych warzyw. Idealnie sprawdzi si\u0119 te\u017c jako baza do deser\u00f3w, dodatek do owoc\u00f3w, ciast i nale\u015bnik\u00f3w.<\/p>\n","protected":false},"featured_media":21742,"template":"","meta":[],"product_cat":[109,20],"product_tag":[],"_links":{"self":[{"href":"https:\/\/mlekpol.com.pl\/index.php\/wp-json\/wp\/v2\/product\/2447"}],"collection":[{"href":"https:\/\/mlekpol.com.pl\/index.php\/wp-json\/wp\/v2\/product"}],"about":[{"href":"https:\/\/mlekpol.com.pl\/index.php\/wp-json\/wp\/v2\/types\/product"}],"wp:featuredmedia":[{"embeddable":true,"href":"https:\/\/mlekpol.com.pl\/index.php\/wp-json\/wp\/v2\/media\/21742"}],"wp:attachment":[{"href":"https:\/\/mlekpol.com.pl\/index.php\/wp-json\/wp\/v2\/media?parent=2447"}],"wp:term":[{"taxonomy":"product_cat","embeddable":true,"href":"https:\/\/mlekpol.com.pl\/index.php\/wp-json\/wp\/v2\/product_cat?post=2447"},{"taxonomy":"product_tag","embeddable":true,"href":"https:\/\/mlekpol.com.pl\/index.php\/wp-json\/wp\/v2\/product_tag?post=2447"}],"curies":[{"name":"wp","href":"https:\/\/api.w.org\/{rel}","templated":true}]}}