
{"id":2444,"date":"2018-07-31T13:30:30","date_gmt":"2018-07-31T11:30:30","guid":{"rendered":"http:\/\/mlekpol.thinq.pl\/index.php\/produkt\/twarozek-grani-naturalny\/"},"modified":"2020-08-03T13:54:18","modified_gmt":"2020-08-03T11:54:18","slug":"twarozek-grani-naturalny","status":"publish","type":"product","link":"https:\/\/mlekpol.com.pl\/index.php\/produkt\/twarozek-grani-naturalny\/","title":{"rendered":"Twaro\u017cek Grani naturalny"},"content":{"rendered":"<p>Pyszny twaro\u017cek ziarnisty ze \u015bmietank\u0105. Powsta\u0142 z polskiego mleka od kr\u00f3w skarmianych paszami bez GMO. To naturalny smak i lekka konsystencja. \u0179r\u00f3d\u0142o cennego bia\u0142ka, wapnia i witamin.<\/p>\n","protected":false},"excerpt":{"rendered":"<p>Pyszny twaro\u017cek ziarnisty ze \u015bmietank\u0105. Powsta\u0142 z polskiego mleka od kr\u00f3w skarmianych paszami bez GMO. To naturalny smak i lekka konsystencja. \u0179r\u00f3d\u0142o cennego bia\u0142ka, wapnia i witamin.<\/p>\n","protected":false},"featured_media":3813,"template":"","meta":[],"product_cat":[558,176],"product_tag":[],"_links":{"self":[{"href":"https:\/\/mlekpol.com.pl\/index.php\/wp-json\/wp\/v2\/product\/2444"}],"collection":[{"href":"https:\/\/mlekpol.com.pl\/index.php\/wp-json\/wp\/v2\/product"}],"about":[{"href":"https:\/\/mlekpol.com.pl\/index.php\/wp-json\/wp\/v2\/types\/product"}],"wp:featuredmedia":[{"embeddable":true,"href":"https:\/\/mlekpol.com.pl\/index.php\/wp-json\/wp\/v2\/media\/3813"}],"wp:attachment":[{"href":"https:\/\/mlekpol.com.pl\/index.php\/wp-json\/wp\/v2\/media?parent=2444"}],"wp:term":[{"taxonomy":"product_cat","embeddable":true,"href":"https:\/\/mlekpol.com.pl\/index.php\/wp-json\/wp\/v2\/product_cat?post=2444"},{"taxonomy":"product_tag","embeddable":true,"href":"https:\/\/mlekpol.com.pl\/index.php\/wp-json\/wp\/v2\/product_tag?post=2444"}],"curies":[{"name":"wp","href":"https:\/\/api.w.org\/{rel}","templated":true}]}}