
{"id":2442,"date":"2018-07-31T13:30:29","date_gmt":"2018-07-31T11:30:29","guid":{"rendered":"http:\/\/mlekpol.thinq.pl\/index.php\/produkt\/serek-wiejski-radomski\/"},"modified":"2021-06-01T13:51:13","modified_gmt":"2021-06-01T11:51:13","slug":"serek-wiejski-radomski","status":"publish","type":"product","link":"https:\/\/mlekpol.com.pl\/index.php\/produkt\/serek-wiejski-radomski\/","title":{"rendered":"Serek wiejski Radomski"},"content":{"rendered":"<p>Stworzony z polskiego mleka od kr\u00f3w wypasanych na najczystszych \u0142\u0105kach Polski. Ziarna twarogu w aksamitnej \u015bmietance, to pomys\u0142 zar\u00f3wno na wytrawn\u0105 przek\u0105sk\u0119, jak i deser na s\u0142odko z dodatkiem miodu. Doskona\u0142y smak, wy\u0142\u0105cznie naturalne sk\u0142adniki. \u0179r\u00f3d\u0142o cennego bia\u0142ka, wapnia i witamin. Doskona\u0142y na lekkie \u015bniadanie, kolacj\u0119 albo przek\u0105sk\u0119 mi\u0119dzy posi\u0142kami.<\/p>\n","protected":false},"excerpt":{"rendered":"<p>Stworzony z polskiego mleka od kr\u00f3w wypasanych na najczystszych \u0142\u0105kach Polski. Ziarna twarogu w aksamitnej \u015bmietance, to pomys\u0142 zar\u00f3wno na wytrawn\u0105 przek\u0105sk\u0119, jak i deser na s\u0142odko z dodatkiem miodu. Doskona\u0142y smak, wy\u0142\u0105cznie naturalne sk\u0142adniki. \u0179r\u00f3d\u0142o cennego bia\u0142ka, wapnia i witamin. Doskona\u0142y na lekkie \u015bniadanie, kolacj\u0119 albo przek\u0105sk\u0119 mi\u0119dzy posi\u0142kami.<\/p>\n","protected":false},"featured_media":21758,"template":"","meta":[],"product_cat":[109,176],"product_tag":[],"_links":{"self":[{"href":"https:\/\/mlekpol.com.pl\/index.php\/wp-json\/wp\/v2\/product\/2442"}],"collection":[{"href":"https:\/\/mlekpol.com.pl\/index.php\/wp-json\/wp\/v2\/product"}],"about":[{"href":"https:\/\/mlekpol.com.pl\/index.php\/wp-json\/wp\/v2\/types\/product"}],"wp:featuredmedia":[{"embeddable":true,"href":"https:\/\/mlekpol.com.pl\/index.php\/wp-json\/wp\/v2\/media\/21758"}],"wp:attachment":[{"href":"https:\/\/mlekpol.com.pl\/index.php\/wp-json\/wp\/v2\/media?parent=2442"}],"wp:term":[{"taxonomy":"product_cat","embeddable":true,"href":"https:\/\/mlekpol.com.pl\/index.php\/wp-json\/wp\/v2\/product_cat?post=2442"},{"taxonomy":"product_tag","embeddable":true,"href":"https:\/\/mlekpol.com.pl\/index.php\/wp-json\/wp\/v2\/product_tag?post=2442"}],"curies":[{"name":"wp","href":"https:\/\/api.w.org\/{rel}","templated":true}]}}