
{"id":2440,"date":"2018-07-31T13:30:28","date_gmt":"2018-07-31T11:30:28","guid":{"rendered":"http:\/\/mlekpol.thinq.pl\/index.php\/produkt\/serek-wiejski-laciaty-z-truskawkami\/"},"modified":"2022-11-27T22:58:58","modified_gmt":"2022-11-27T21:58:58","slug":"serek-wiejski-laciaty-z-truskawkami","status":"publish","type":"product","link":"https:\/\/mlekpol.com.pl\/index.php\/produkt\/serek-wiejski-laciaty-z-truskawkami\/","title":{"rendered":"Serek wiejski \u0141aciaty z truskawkami"},"content":{"rendered":"<p>Powsta\u0142 z polskiego mleka od kr\u00f3w wypasanych na najczystszych \u0142\u0105kach Podlasia. Idealne po\u0142\u0105czenie: delikatne ziarenka twaro\u017cku, pyszna \u015bmietanka oraz soczyste owoce. Na \u015bniadanie, deser albo przek\u0105sk\u0119 mi\u0119dzy posi\u0142kami.<\/p>\n","protected":false},"excerpt":{"rendered":"<p>Powsta\u0142 z polskiego mleka od kr\u00f3w wypasanych na najczystszych \u0142\u0105kach Podlasia. Idealne po\u0142\u0105czenie: delikatne ziarenka twaro\u017cku, pyszna \u015bmietanka oraz soczyste owoce. Na \u015bniadanie, deser albo przek\u0105sk\u0119 mi\u0119dzy posi\u0142kami.<\/p>\n","protected":false},"featured_media":20215,"template":"","meta":[],"product_cat":[176,48],"product_tag":[],"_links":{"self":[{"href":"https:\/\/mlekpol.com.pl\/index.php\/wp-json\/wp\/v2\/product\/2440"}],"collection":[{"href":"https:\/\/mlekpol.com.pl\/index.php\/wp-json\/wp\/v2\/product"}],"about":[{"href":"https:\/\/mlekpol.com.pl\/index.php\/wp-json\/wp\/v2\/types\/product"}],"wp:featuredmedia":[{"embeddable":true,"href":"https:\/\/mlekpol.com.pl\/index.php\/wp-json\/wp\/v2\/media\/20215"}],"wp:attachment":[{"href":"https:\/\/mlekpol.com.pl\/index.php\/wp-json\/wp\/v2\/media?parent=2440"}],"wp:term":[{"taxonomy":"product_cat","embeddable":true,"href":"https:\/\/mlekpol.com.pl\/index.php\/wp-json\/wp\/v2\/product_cat?post=2440"},{"taxonomy":"product_tag","embeddable":true,"href":"https:\/\/mlekpol.com.pl\/index.php\/wp-json\/wp\/v2\/product_tag?post=2440"}],"curies":[{"name":"wp","href":"https:\/\/api.w.org\/{rel}","templated":true}]}}