
{"id":2437,"date":"2018-07-31T13:30:27","date_gmt":"2018-07-31T11:30:27","guid":{"rendered":"http:\/\/mlekpol.thinq.pl\/index.php\/produkt\/serek-wiejski-mlekpol-naturalny-bez-laktozy\/"},"modified":"2022-11-27T23:03:11","modified_gmt":"2022-11-27T22:03:11","slug":"serek-wiejski-mlekpol-naturalny-bez-laktozy","status":"publish","type":"product","link":"https:\/\/mlekpol.com.pl\/index.php\/produkt\/serek-wiejski-mlekpol-naturalny-bez-laktozy\/","title":{"rendered":"Serek wiejski \u0141aciaty bez laktozy"},"content":{"rendered":"<p>Pyszny serek wiejski w wersji bez laktozy. Idealne rozwi\u0105zanie dla os\u00f3b, kt\u00f3re nie toleruj\u0105 cukru mlecznego a nie chc\u0105 rezygnowa\u0107 z dobroczynnych w\u0142a\u015bciwo\u015bci mleka. To \u017ar\u00f3d\u0142o bia\u0142ka, wapnia i cennych witamin. Doskona\u0142y jako samodzielne danie albo przek\u0105ska.<\/p>\n","protected":false},"excerpt":{"rendered":"<p>Pyszny serek wiejski w wersji bez laktozy. Idealne rozwi\u0105zanie dla os\u00f3b, kt\u00f3re nie toleruj\u0105 cukru mlecznego a nie chc\u0105 rezygnowa\u0107 z dobroczynnych w\u0142a\u015bciwo\u015bci mleka. To \u017ar\u00f3d\u0142o bia\u0142ka, wapnia i cennych witamin. Doskona\u0142y jako samodzielne danie albo przek\u0105ska.<\/p>\n","protected":false},"featured_media":19806,"template":"","meta":[],"product_cat":[327,176,48],"product_tag":[],"_links":{"self":[{"href":"https:\/\/mlekpol.com.pl\/index.php\/wp-json\/wp\/v2\/product\/2437"}],"collection":[{"href":"https:\/\/mlekpol.com.pl\/index.php\/wp-json\/wp\/v2\/product"}],"about":[{"href":"https:\/\/mlekpol.com.pl\/index.php\/wp-json\/wp\/v2\/types\/product"}],"wp:featuredmedia":[{"embeddable":true,"href":"https:\/\/mlekpol.com.pl\/index.php\/wp-json\/wp\/v2\/media\/19806"}],"wp:attachment":[{"href":"https:\/\/mlekpol.com.pl\/index.php\/wp-json\/wp\/v2\/media?parent=2437"}],"wp:term":[{"taxonomy":"product_cat","embeddable":true,"href":"https:\/\/mlekpol.com.pl\/index.php\/wp-json\/wp\/v2\/product_cat?post=2437"},{"taxonomy":"product_tag","embeddable":true,"href":"https:\/\/mlekpol.com.pl\/index.php\/wp-json\/wp\/v2\/product_tag?post=2437"}],"curies":[{"name":"wp","href":"https:\/\/api.w.org\/{rel}","templated":true}]}}