
{"id":2436,"date":"2018-07-31T13:30:27","date_gmt":"2018-07-31T11:30:27","guid":{"rendered":"http:\/\/mlekpol.thinq.pl\/index.php\/produkt\/serek-wiejski-laciaty-naturalny-2\/"},"modified":"2022-11-27T22:53:08","modified_gmt":"2022-11-27T21:53:08","slug":"serek-wiejski-laciaty-naturalny-2","status":"publish","type":"product","link":"https:\/\/mlekpol.com.pl\/index.php\/produkt\/serek-wiejski-laciaty-naturalny-2\/","title":{"rendered":"Serek wiejski \u0141aciaty naturalny"},"content":{"rendered":"<p>Stworzony z polskiego mleka od kr\u00f3w wypasanych na najczystszych \u0142\u0105kach Podlasia. To doskona\u0142y smak delikatnych ziarenek twaro\u017cku zanurzonych w s\u0142odkiej \u015bmietance. Lekkie \u017ar\u00f3d\u0142o dobrze przyswajalnego bia\u0142ka i wapnia. Niezast\u0105piony na \u015bniadanie, kolacj\u0119 lub jako przek\u0105ska.<\/p>\n","protected":false},"excerpt":{"rendered":"<p>Stworzony z polskiego mleka od kr\u00f3w wypasanych na najczystszych \u0142\u0105kach Podlasia. To doskona\u0142y smak delikatnych ziarenek twaro\u017cku zanurzonych w s\u0142odkiej \u015bmietance. Lekkie \u017ar\u00f3d\u0142o dobrze przyswajalnego bia\u0142ka i wapnia. Niezast\u0105piony na \u015bniadanie, kolacj\u0119 lub jako przek\u0105ska.<\/p>\n","protected":false},"featured_media":20217,"template":"","meta":[],"product_cat":[176,48],"product_tag":[],"_links":{"self":[{"href":"https:\/\/mlekpol.com.pl\/index.php\/wp-json\/wp\/v2\/product\/2436"}],"collection":[{"href":"https:\/\/mlekpol.com.pl\/index.php\/wp-json\/wp\/v2\/product"}],"about":[{"href":"https:\/\/mlekpol.com.pl\/index.php\/wp-json\/wp\/v2\/types\/product"}],"wp:featuredmedia":[{"embeddable":true,"href":"https:\/\/mlekpol.com.pl\/index.php\/wp-json\/wp\/v2\/media\/20217"}],"wp:attachment":[{"href":"https:\/\/mlekpol.com.pl\/index.php\/wp-json\/wp\/v2\/media?parent=2436"}],"wp:term":[{"taxonomy":"product_cat","embeddable":true,"href":"https:\/\/mlekpol.com.pl\/index.php\/wp-json\/wp\/v2\/product_cat?post=2436"},{"taxonomy":"product_tag","embeddable":true,"href":"https:\/\/mlekpol.com.pl\/index.php\/wp-json\/wp\/v2\/product_tag?post=2436"}],"curies":[{"name":"wp","href":"https:\/\/api.w.org\/{rel}","templated":true}]}}