
{"id":2433,"date":"2018-07-31T13:30:26","date_gmt":"2018-07-31T11:30:26","guid":{"rendered":"http:\/\/mlekpol.thinq.pl\/index.php\/produkt\/twarog-osowa-poltlusty-kostka\/"},"modified":"2018-08-27T11:57:10","modified_gmt":"2018-08-27T09:57:10","slug":"twarog-osowa-poltlusty-kostka","status":"publish","type":"product","link":"https:\/\/mlekpol.com.pl\/index.php\/produkt\/twarog-osowa-poltlusty-kostka\/","title":{"rendered":"Twar\u00f3g &#8222;Osowa&#8221; p\u00f3\u0142t\u0142usty kostka"},"content":{"rendered":"<p>Tradycyjny twar\u00f3g z najlepszego polskiego mleka od kr\u00f3w skarmianych paszami bez GMO. Smaczny, zdrowy i naturalny. \u0179r\u00f3d\u0142o dobrze przyswajalnego bia\u0142ka i wapnia.<\/p>\n","protected":false},"excerpt":{"rendered":"<p>Tradycyjny twar\u00f3g z najlepszego polskiego mleka od kr\u00f3w skarmianych paszami bez GMO. Smaczny, zdrowy i naturalny. \u0179r\u00f3d\u0142o dobrze przyswajalnego bia\u0142ka i wapnia.<\/p>\n","protected":false},"featured_media":3791,"template":"","meta":[],"product_cat":[558,21],"product_tag":[],"_links":{"self":[{"href":"https:\/\/mlekpol.com.pl\/index.php\/wp-json\/wp\/v2\/product\/2433"}],"collection":[{"href":"https:\/\/mlekpol.com.pl\/index.php\/wp-json\/wp\/v2\/product"}],"about":[{"href":"https:\/\/mlekpol.com.pl\/index.php\/wp-json\/wp\/v2\/types\/product"}],"wp:featuredmedia":[{"embeddable":true,"href":"https:\/\/mlekpol.com.pl\/index.php\/wp-json\/wp\/v2\/media\/3791"}],"wp:attachment":[{"href":"https:\/\/mlekpol.com.pl\/index.php\/wp-json\/wp\/v2\/media?parent=2433"}],"wp:term":[{"taxonomy":"product_cat","embeddable":true,"href":"https:\/\/mlekpol.com.pl\/index.php\/wp-json\/wp\/v2\/product_cat?post=2433"},{"taxonomy":"product_tag","embeddable":true,"href":"https:\/\/mlekpol.com.pl\/index.php\/wp-json\/wp\/v2\/product_tag?post=2433"}],"curies":[{"name":"wp","href":"https:\/\/api.w.org\/{rel}","templated":true}]}}