
{"id":2429,"date":"2018-07-31T13:30:24","date_gmt":"2018-07-31T11:30:24","guid":{"rendered":"http:\/\/mlekpol.thinq.pl\/index.php\/produkt\/twarog-rolmlecz-poltlusty-formowany-kostka-2\/"},"modified":"2022-11-25T16:16:34","modified_gmt":"2022-11-25T15:16:34","slug":"twarog-rolmlecz-poltlusty-formowany-kostka-2","status":"publish","type":"product","link":"https:\/\/mlekpol.com.pl\/index.php\/produkt\/twarog-rolmlecz-poltlusty-formowany-kostka-2\/","title":{"rendered":"Twar\u00f3g Rolmlecz p\u00f3\u0142t\u0142usty formowany kostka"},"content":{"rendered":"<p>Znakomity twar\u00f3g z polskiego mleka od kr\u00f3w skarmianych paszami bez GMO. Naturalny, tradycyjny smak i \u017ar\u00f3d\u0142o cennych sk\u0142adnik\u00f3w od\u017cywczych: wapnia, witamin, bia\u0142ka i aminokwas\u00f3w.<br \/>\nTradycyjna forma kostki.<\/p>\n","protected":false},"excerpt":{"rendered":"<p>Znakomity twar\u00f3g z polskiego mleka od kr\u00f3w skarmianych paszami bez GMO. Naturalny, tradycyjny smak i \u017ar\u00f3d\u0142o cennych sk\u0142adnik\u00f3w od\u017cywczych: wapnia, witamin, bia\u0142ka i aminokwas\u00f3w. Tradycyjna forma kostki.<\/p>\n","protected":false},"featured_media":24104,"template":"","meta":[],"product_cat":[109,21],"product_tag":[],"_links":{"self":[{"href":"https:\/\/mlekpol.com.pl\/index.php\/wp-json\/wp\/v2\/product\/2429"}],"collection":[{"href":"https:\/\/mlekpol.com.pl\/index.php\/wp-json\/wp\/v2\/product"}],"about":[{"href":"https:\/\/mlekpol.com.pl\/index.php\/wp-json\/wp\/v2\/types\/product"}],"wp:featuredmedia":[{"embeddable":true,"href":"https:\/\/mlekpol.com.pl\/index.php\/wp-json\/wp\/v2\/media\/24104"}],"wp:attachment":[{"href":"https:\/\/mlekpol.com.pl\/index.php\/wp-json\/wp\/v2\/media?parent=2429"}],"wp:term":[{"taxonomy":"product_cat","embeddable":true,"href":"https:\/\/mlekpol.com.pl\/index.php\/wp-json\/wp\/v2\/product_cat?post=2429"},{"taxonomy":"product_tag","embeddable":true,"href":"https:\/\/mlekpol.com.pl\/index.php\/wp-json\/wp\/v2\/product_tag?post=2429"}],"curies":[{"name":"wp","href":"https:\/\/api.w.org\/{rel}","templated":true}]}}