
{"id":2428,"date":"2018-07-31T13:30:24","date_gmt":"2018-07-31T11:30:24","guid":{"rendered":"http:\/\/mlekpol.thinq.pl\/index.php\/produkt\/twarog-rolmlecz-tlusty-mielony-kostka\/"},"modified":"2022-11-25T16:19:02","modified_gmt":"2022-11-25T15:19:02","slug":"twarog-rolmlecz-tlusty-mielony-kostka","status":"publish","type":"product","link":"https:\/\/mlekpol.com.pl\/index.php\/produkt\/twarog-rolmlecz-tlusty-mielony-kostka\/","title":{"rendered":"Twar\u00f3g Rolmlecz t\u0142usty mielony kostka"},"content":{"rendered":"<p>Znakomity twar\u00f3g z polskiego mleka od kr\u00f3w skarmianych paszami bez GMO. Trzykrotnie mielony \u2013 doskona\u0142y do sernik\u00f3w i innych wypiek\u00f3w z serem. Idealna, g\u0142adka konsystencja bez grudek i znakomity smak twarogu Rolmlecz to gwarancja udanego deseru.<\/p>\n","protected":false},"excerpt":{"rendered":"<p>Znakomity twar\u00f3g z polskiego mleka od kr\u00f3w skarmianych paszami bez GMO. Trzykrotnie mielony \u2013 doskona\u0142y do sernik\u00f3w i innych wypiek\u00f3w z serem. Idealna, g\u0142adka konsystencja bez grudek i znakomity smak twarogu Rolmlecz to gwarancja udanego deseru.<\/p>\n","protected":false},"featured_media":24108,"template":"","meta":[],"product_cat":[109,21,41],"product_tag":[],"_links":{"self":[{"href":"https:\/\/mlekpol.com.pl\/index.php\/wp-json\/wp\/v2\/product\/2428"}],"collection":[{"href":"https:\/\/mlekpol.com.pl\/index.php\/wp-json\/wp\/v2\/product"}],"about":[{"href":"https:\/\/mlekpol.com.pl\/index.php\/wp-json\/wp\/v2\/types\/product"}],"wp:featuredmedia":[{"embeddable":true,"href":"https:\/\/mlekpol.com.pl\/index.php\/wp-json\/wp\/v2\/media\/24108"}],"wp:attachment":[{"href":"https:\/\/mlekpol.com.pl\/index.php\/wp-json\/wp\/v2\/media?parent=2428"}],"wp:term":[{"taxonomy":"product_cat","embeddable":true,"href":"https:\/\/mlekpol.com.pl\/index.php\/wp-json\/wp\/v2\/product_cat?post=2428"},{"taxonomy":"product_tag","embeddable":true,"href":"https:\/\/mlekpol.com.pl\/index.php\/wp-json\/wp\/v2\/product_tag?post=2428"}],"curies":[{"name":"wp","href":"https:\/\/api.w.org\/{rel}","templated":true}]}}