
{"id":2417,"date":"2018-07-31T13:30:19","date_gmt":"2018-07-31T11:30:19","guid":{"rendered":"http:\/\/mlekpol.thinq.pl\/index.php\/produkt\/twarog-zambrowski-poltlusty-kostka\/"},"modified":"2020-08-03T13:53:18","modified_gmt":"2020-08-03T11:53:18","slug":"twarog-zambrowski-poltlusty-kostka","status":"publish","type":"product","link":"https:\/\/mlekpol.com.pl\/index.php\/produkt\/twarog-zambrowski-poltlusty-kostka\/","title":{"rendered":"Twar\u00f3g Zambrowski p\u00f3lt\u0142usty kostka"},"content":{"rendered":"<p>Tradycyjny twar\u00f3g z najlepszego polskiego mleka od kr\u00f3w wypasanych na najczystszych \u0142\u0105kach Podlasia. Smaczny i naturalny. \u0179r\u00f3d\u0142o dobrze przyswajalnego bia\u0142ka i wapnia. Niezast\u0105piony na polskim stole i w kuchni.<\/p>\n","protected":false},"excerpt":{"rendered":"<p>Tradycyjny twar\u00f3g z najlepszego polskiego mleka od kr\u00f3w wypasanych na najczystszych \u0142\u0105kach Podlasia. Smaczny i naturalny. \u0179r\u00f3d\u0142o dobrze przyswajalnego bia\u0142ka i wapnia. Niezast\u0105piony na polskim stole i w kuchni.<\/p>\n","protected":false},"featured_media":3758,"template":"","meta":[],"product_cat":[558,21],"product_tag":[],"_links":{"self":[{"href":"https:\/\/mlekpol.com.pl\/index.php\/wp-json\/wp\/v2\/product\/2417"}],"collection":[{"href":"https:\/\/mlekpol.com.pl\/index.php\/wp-json\/wp\/v2\/product"}],"about":[{"href":"https:\/\/mlekpol.com.pl\/index.php\/wp-json\/wp\/v2\/types\/product"}],"wp:featuredmedia":[{"embeddable":true,"href":"https:\/\/mlekpol.com.pl\/index.php\/wp-json\/wp\/v2\/media\/3758"}],"wp:attachment":[{"href":"https:\/\/mlekpol.com.pl\/index.php\/wp-json\/wp\/v2\/media?parent=2417"}],"wp:term":[{"taxonomy":"product_cat","embeddable":true,"href":"https:\/\/mlekpol.com.pl\/index.php\/wp-json\/wp\/v2\/product_cat?post=2417"},{"taxonomy":"product_tag","embeddable":true,"href":"https:\/\/mlekpol.com.pl\/index.php\/wp-json\/wp\/v2\/product_tag?post=2417"}],"curies":[{"name":"wp","href":"https:\/\/api.w.org\/{rel}","templated":true}]}}