
{"id":2404,"date":"2018-07-31T13:30:14","date_gmt":"2018-07-31T11:30:14","guid":{"rendered":"http:\/\/mlekpol.thinq.pl\/index.php\/produkt\/twarog-mazurski-smak-lekki-klinek\/"},"modified":"2023-06-22T01:43:10","modified_gmt":"2023-06-21T23:43:10","slug":"twarog-mazurski-smak-lekki-klinek","status":"publish","type":"product","link":"https:\/\/mlekpol.com.pl\/index.php\/produkt\/twarog-mazurski-smak-lekki-klinek\/","title":{"rendered":"Twar\u00f3g Mazurski Smak chudy klinek"},"content":{"rendered":"<p>Mazurski specja\u0142 \u2013 pyszny tradycyjny twar\u00f3g wyrabiany z najlepszego mleka od kr\u00f3w wypasanych na czystych \u0142\u0105kach Warmii i Mazur. Wy\u0142\u0105cznie naturalne sk\u0142adniki. \u0179r\u00f3d\u0142o \u0142atwo przyswajalnego wapnia i bia\u0142ka. Niezast\u0105piony na polskim stole i w kuchni. Podany w funkcjonalnym opakowaniu, kt\u00f3re gwarantuje \u015bwie\u017co\u015b\u0107 i wygodne przechowywanie.<\/p>\n","protected":false},"excerpt":{"rendered":"<p>Mazurski specja\u0142 \u2013 pyszny tradycyjny twar\u00f3g wyrabiany z najlepszego mleka od kr\u00f3w wypasanych na czystych \u0142\u0105kach Warmii i Mazur. Wy\u0142\u0105cznie naturalne sk\u0142adniki. \u0179r\u00f3d\u0142o \u0142atwo przyswajalnego wapnia i bia\u0142ka. Niezast\u0105piony na polskim stole i w kuchni. Podany w funkcjonalnym opakowaniu, kt\u00f3re gwarantuje \u015bwie\u017co\u015b\u0107 i wygodne przechowywanie.<\/p>\n","protected":false},"featured_media":25081,"template":"","meta":[],"product_cat":[171,105,21],"product_tag":[],"_links":{"self":[{"href":"https:\/\/mlekpol.com.pl\/index.php\/wp-json\/wp\/v2\/product\/2404"}],"collection":[{"href":"https:\/\/mlekpol.com.pl\/index.php\/wp-json\/wp\/v2\/product"}],"about":[{"href":"https:\/\/mlekpol.com.pl\/index.php\/wp-json\/wp\/v2\/types\/product"}],"wp:featuredmedia":[{"embeddable":true,"href":"https:\/\/mlekpol.com.pl\/index.php\/wp-json\/wp\/v2\/media\/25081"}],"wp:attachment":[{"href":"https:\/\/mlekpol.com.pl\/index.php\/wp-json\/wp\/v2\/media?parent=2404"}],"wp:term":[{"taxonomy":"product_cat","embeddable":true,"href":"https:\/\/mlekpol.com.pl\/index.php\/wp-json\/wp\/v2\/product_cat?post=2404"},{"taxonomy":"product_tag","embeddable":true,"href":"https:\/\/mlekpol.com.pl\/index.php\/wp-json\/wp\/v2\/product_tag?post=2404"}],"curies":[{"name":"wp","href":"https:\/\/api.w.org\/{rel}","templated":true}]}}