
{"id":2395,"date":"2018-07-31T13:30:11","date_gmt":"2018-07-31T11:30:11","guid":{"rendered":"http:\/\/mlekpol.thinq.pl\/index.php\/produkt\/chlodnik-warzywny-mlekpol\/"},"modified":"2021-04-27T11:18:50","modified_gmt":"2021-04-27T09:18:50","slug":"chlodnik-warzywny-mlekpol","status":"publish","type":"product","link":"https:\/\/mlekpol.com.pl\/index.php\/produkt\/chlodnik-warzywny-mlekpol\/","title":{"rendered":"Ch\u0142odnik warzywny Mlekpol"},"content":{"rendered":"<p>Regionalny smak i tradycyjna receptura. Ch\u0142odnik warzywny z Sok\u00f3\u0142ki \u2013 serca Podlasia \u2013 nawi\u0105zuje swym sk\u0142adem, smakiem i wygl\u0105dem do tradycyjnego dania kres\u00f3w wschodnich. Po\u0142\u0105czenie pysznego mleka od kr\u00f3w wypasanych na najczystszych \u0142\u0105kach i \u015bwie\u017cych polskich warzyw. Dodatkowy atut to wygodne opakowanie w kszta\u0142cie miseczki, idealny do zabrania produktu ze sob\u0105 do pracy, na wycieczk\u0119, na pla\u017c\u0119.<\/p>\n","protected":false},"excerpt":{"rendered":"<p>Regionalny smak i tradycyjna receptura. Ch\u0142odnik warzywny z Sok\u00f3\u0142ki \u2013 serca Podlasia \u2013 nawi\u0105zuje swym sk\u0142adem, smakiem i wygl\u0105dem do tradycyjnego dania kres\u00f3w wschodnich. Po\u0142\u0105czenie pysznego mleka od kr\u00f3w wypasanych na najczystszych \u0142\u0105kach i \u015bwie\u017cych polskich warzyw. Dodatkowy atut to wygodne opakowanie w kszta\u0142cie miseczki, idealny do zabrania produktu ze sob\u0105 do pracy, na wycieczk\u0119, [&hellip;]<\/p>\n","protected":false},"featured_media":21851,"template":"","meta":[],"product_cat":[37,558,18],"product_tag":[],"_links":{"self":[{"href":"https:\/\/mlekpol.com.pl\/index.php\/wp-json\/wp\/v2\/product\/2395"}],"collection":[{"href":"https:\/\/mlekpol.com.pl\/index.php\/wp-json\/wp\/v2\/product"}],"about":[{"href":"https:\/\/mlekpol.com.pl\/index.php\/wp-json\/wp\/v2\/types\/product"}],"wp:featuredmedia":[{"embeddable":true,"href":"https:\/\/mlekpol.com.pl\/index.php\/wp-json\/wp\/v2\/media\/21851"}],"wp:attachment":[{"href":"https:\/\/mlekpol.com.pl\/index.php\/wp-json\/wp\/v2\/media?parent=2395"}],"wp:term":[{"taxonomy":"product_cat","embeddable":true,"href":"https:\/\/mlekpol.com.pl\/index.php\/wp-json\/wp\/v2\/product_cat?post=2395"},{"taxonomy":"product_tag","embeddable":true,"href":"https:\/\/mlekpol.com.pl\/index.php\/wp-json\/wp\/v2\/product_tag?post=2395"}],"curies":[{"name":"wp","href":"https:\/\/api.w.org\/{rel}","templated":true}]}}