
{"id":2394,"date":"2018-07-31T13:30:10","date_gmt":"2018-07-31T11:30:10","guid":{"rendered":"http:\/\/mlekpol.thinq.pl\/index.php\/produkt\/chlodnik-sokolski\/"},"modified":"2021-04-27T15:48:14","modified_gmt":"2021-04-27T13:48:14","slug":"chlodnik-sokolski","status":"publish","type":"product","link":"https:\/\/mlekpol.com.pl\/index.php\/produkt\/chlodnik-sokolski\/","title":{"rendered":"Ch\u0142odnik sok\u00f3lski"},"content":{"rendered":"<p>Niezast\u0105piony w upalne dni. To produkt regionalny, nawi\u0105zuj\u0105cy swoim sk\u0142adem i smakiem do tradycyjnego posi\u0142ku kres\u00f3w wschodnich. Powstaje w Sok\u00f3\u0142ce, w samym sercu Podlasia. Ch\u0142odnik warzywny MLEKPOL jest produkowany z najlepszego polskiego mleka oraz warzyw. Mo\u017cna si\u0119 cieszy\u0107 jego bogatym smakiem, zaraz po otwarciu. Dost\u0119pny w wygodnych 400 gramowych opakowaniach.<\/p>\n","protected":false},"excerpt":{"rendered":"<p>Niezast\u0105piony w upalne dni. To produkt regionalny, nawi\u0105zuj\u0105cy swoim sk\u0142adem i smakiem do tradycyjnego posi\u0142ku kres\u00f3w wschodnich. Powstaje w Sok\u00f3\u0142ce, w samym sercu Podlasia. Ch\u0142odnik warzywny MLEKPOL jest produkowany z najlepszego polskiego mleka oraz warzyw. Mo\u017cna si\u0119 cieszy\u0107 jego bogatym smakiem, zaraz po otwarciu. Dost\u0119pny w wygodnych 400 gramowych opakowaniach.<\/p>\n","protected":false},"featured_media":21852,"template":"","meta":[],"product_cat":[37,18,554],"product_tag":[],"_links":{"self":[{"href":"https:\/\/mlekpol.com.pl\/index.php\/wp-json\/wp\/v2\/product\/2394"}],"collection":[{"href":"https:\/\/mlekpol.com.pl\/index.php\/wp-json\/wp\/v2\/product"}],"about":[{"href":"https:\/\/mlekpol.com.pl\/index.php\/wp-json\/wp\/v2\/types\/product"}],"wp:featuredmedia":[{"embeddable":true,"href":"https:\/\/mlekpol.com.pl\/index.php\/wp-json\/wp\/v2\/media\/21852"}],"wp:attachment":[{"href":"https:\/\/mlekpol.com.pl\/index.php\/wp-json\/wp\/v2\/media?parent=2394"}],"wp:term":[{"taxonomy":"product_cat","embeddable":true,"href":"https:\/\/mlekpol.com.pl\/index.php\/wp-json\/wp\/v2\/product_cat?post=2394"},{"taxonomy":"product_tag","embeddable":true,"href":"https:\/\/mlekpol.com.pl\/index.php\/wp-json\/wp\/v2\/product_tag?post=2394"}],"curies":[{"name":"wp","href":"https:\/\/api.w.org\/{rel}","templated":true}]}}