
{"id":2391,"date":"2018-07-31T13:30:09","date_gmt":"2018-07-31T11:30:09","guid":{"rendered":"http:\/\/mlekpol.thinq.pl\/index.php\/produkt\/kefir-sokolski-2\/"},"modified":"2020-08-03T15:34:08","modified_gmt":"2020-08-03T13:34:08","slug":"kefir-sokolski-2","status":"publish","type":"product","link":"https:\/\/mlekpol.com.pl\/index.php\/produkt\/kefir-sokolski-2\/","title":{"rendered":"Kefir sok\u00f3lski"},"content":{"rendered":"<p>Pyszny kefir w wygodnych kubkach. Tradycyjny smak i regionalna receptura. Kefir sok\u00f3lski powstaje z najlepszego polskiego mleka od kr\u00f3w wypasanych na czystych \u0142\u0105kach Podlasia. To naturalne \u017ar\u00f3d\u0142o wapnia, bia\u0142ka i witamin. Zawarte w kefirze \u017cywe kultury bakterii wspomagaj\u0105 trawienie i odporno\u015b\u0107. Idealne uzupe\u0142nienie racjonalnej, zbilansowanej diety.<\/p>\n","protected":false},"excerpt":{"rendered":"<p>Pyszny kefir w wygodnych kubkach. Tradycyjny smak i regionalna receptura. Kefir sok\u00f3lski powstaje z najlepszego polskiego mleka od kr\u00f3w wypasanych na czystych \u0142\u0105kach Podlasia. To naturalne \u017ar\u00f3d\u0142o wapnia, bia\u0142ka i witamin. Zawarte w kefirze \u017cywe kultury bakterii wspomagaj\u0105 trawienie i odporno\u015b\u0107. Idealne uzupe\u0142nienie racjonalnej, zbilansowanej diety.<\/p>\n","protected":false},"featured_media":3706,"template":"","meta":[],"product_cat":[35,18,554],"product_tag":[],"_links":{"self":[{"href":"https:\/\/mlekpol.com.pl\/index.php\/wp-json\/wp\/v2\/product\/2391"}],"collection":[{"href":"https:\/\/mlekpol.com.pl\/index.php\/wp-json\/wp\/v2\/product"}],"about":[{"href":"https:\/\/mlekpol.com.pl\/index.php\/wp-json\/wp\/v2\/types\/product"}],"wp:featuredmedia":[{"embeddable":true,"href":"https:\/\/mlekpol.com.pl\/index.php\/wp-json\/wp\/v2\/media\/3706"}],"wp:attachment":[{"href":"https:\/\/mlekpol.com.pl\/index.php\/wp-json\/wp\/v2\/media?parent=2391"}],"wp:term":[{"taxonomy":"product_cat","embeddable":true,"href":"https:\/\/mlekpol.com.pl\/index.php\/wp-json\/wp\/v2\/product_cat?post=2391"},{"taxonomy":"product_tag","embeddable":true,"href":"https:\/\/mlekpol.com.pl\/index.php\/wp-json\/wp\/v2\/product_tag?post=2391"}],"curies":[{"name":"wp","href":"https:\/\/api.w.org\/{rel}","templated":true}]}}