
{"id":2389,"date":"2018-07-31T13:30:08","date_gmt":"2018-07-31T11:30:08","guid":{"rendered":"http:\/\/mlekpol.thinq.pl\/index.php\/produkt\/kefir-milko-3\/"},"modified":"2023-07-12T12:03:55","modified_gmt":"2023-07-12T10:03:55","slug":"kefir-milko-3","status":"publish","type":"product","link":"https:\/\/mlekpol.com.pl\/index.php\/produkt\/kefir-milko-3\/","title":{"rendered":"Kefir Milko"},"content":{"rendered":"<p>Polska specjalno\u015b\u0107 \u2013 pyszny i orze\u017awiaj\u0105cy, lekko gazowany kefir Milko z najlepszego mleka. Tylko naturalne sk\u0142adniki, niska zawarto\u015b\u0107 t\u0142uszczu. Zdrowie w ka\u017cdej kropli. To naturalne bogactwo wapnia i bia\u0142ka. Kefir Milko to kr\u00f3l polskich sto\u0142\u00f3w. Latem \u2013 doskona\u0142y dodatek do m\u0142odych ziemniak\u00f3w z koperkiem. \u015awietnie sprawdza si\u0119 jako baza ch\u0142odnik\u00f3w i koktajli.<\/p>\n","protected":false},"excerpt":{"rendered":"<p>Polska specjalno\u015b\u0107 \u2013 pyszny i orze\u017awiaj\u0105cy, lekko gazowany kefir Milko z najlepszego mleka. Tylko naturalne sk\u0142adniki, niska zawarto\u015b\u0107 t\u0142uszczu. Zdrowie w ka\u017cdej kropli. To naturalne bogactwo wapnia i bia\u0142ka. Kefir Milko to kr\u00f3l polskich sto\u0142\u00f3w. Latem \u2013 doskona\u0142y dodatek do m\u0142odych ziemniak\u00f3w z koperkiem. \u015awietnie sprawdza si\u0119 jako baza ch\u0142odnik\u00f3w i koktajli.<\/p>\n","protected":false},"featured_media":19929,"template":"","meta":[],"product_cat":[35,103,18],"product_tag":[],"_links":{"self":[{"href":"https:\/\/mlekpol.com.pl\/index.php\/wp-json\/wp\/v2\/product\/2389"}],"collection":[{"href":"https:\/\/mlekpol.com.pl\/index.php\/wp-json\/wp\/v2\/product"}],"about":[{"href":"https:\/\/mlekpol.com.pl\/index.php\/wp-json\/wp\/v2\/types\/product"}],"wp:featuredmedia":[{"embeddable":true,"href":"https:\/\/mlekpol.com.pl\/index.php\/wp-json\/wp\/v2\/media\/19929"}],"wp:attachment":[{"href":"https:\/\/mlekpol.com.pl\/index.php\/wp-json\/wp\/v2\/media?parent=2389"}],"wp:term":[{"taxonomy":"product_cat","embeddable":true,"href":"https:\/\/mlekpol.com.pl\/index.php\/wp-json\/wp\/v2\/product_cat?post=2389"},{"taxonomy":"product_tag","embeddable":true,"href":"https:\/\/mlekpol.com.pl\/index.php\/wp-json\/wp\/v2\/product_tag?post=2389"}],"curies":[{"name":"wp","href":"https:\/\/api.w.org\/{rel}","templated":true}]}}