
{"id":2384,"date":"2018-07-31T13:30:06","date_gmt":"2018-07-31T11:30:06","guid":{"rendered":"http:\/\/mlekpol.thinq.pl\/index.php\/produkt\/jogurt-pitny-laciaty-ananas-kokos-2\/"},"modified":"2022-04-12T23:01:28","modified_gmt":"2022-04-12T21:01:28","slug":"jogurt-pitny-laciaty-ananas-kokos-2","status":"publish","type":"product","link":"https:\/\/mlekpol.com.pl\/index.php\/produkt\/jogurt-pitny-laciaty-ananas-kokos-2\/","title":{"rendered":"Jogurt pitny \u0141aciaty bez laktozy ananas-kokos"},"content":{"rendered":"<p>Doskona\u0142e rozwi\u0105zanie dla os\u00f3b z nietolerancj\u0105 cukru mlecznego \u2013 jogurty pitne w mocno owocowych smakach i bez laktozy. Pyszna przek\u0105ska dla ka\u017cdego. Jogurt pitny \u0141aciaty bez laktozy powstaje z najlepszego polskiego mleka i najwy\u017cszej jako\u015bci dodatk\u00f3w owocowych. Dost\u0119pny w pi\u0119ciu oryginalnych smakach: naturalny, jab\u0142ko-gruszka, truskawka-czarna porzeczka, ananas-kokos i je\u017cyna-malina.<\/p>\n","protected":false},"excerpt":{"rendered":"<p>Doskona\u0142e rozwi\u0105zanie dla os\u00f3b z nietolerancj\u0105 cukru mlecznego \u2013 jogurty pitne w mocno owocowych smakach i bez laktozy. Pyszna przek\u0105ska dla ka\u017cdego. Jogurt pitny \u0141aciaty bez laktozy powstaje z najlepszego polskiego mleka i najwy\u017cszej jako\u015bci dodatk\u00f3w owocowych. Dost\u0119pny w pi\u0119ciu oryginalnych smakach: naturalny, jab\u0142ko-gruszka, truskawka-czarna porzeczka, ananas-kokos i je\u017cyna-malina.<\/p>\n","protected":false},"featured_media":3694,"template":"","meta":[],"product_cat":[327,34,18,48],"product_tag":[],"_links":{"self":[{"href":"https:\/\/mlekpol.com.pl\/index.php\/wp-json\/wp\/v2\/product\/2384"}],"collection":[{"href":"https:\/\/mlekpol.com.pl\/index.php\/wp-json\/wp\/v2\/product"}],"about":[{"href":"https:\/\/mlekpol.com.pl\/index.php\/wp-json\/wp\/v2\/types\/product"}],"wp:featuredmedia":[{"embeddable":true,"href":"https:\/\/mlekpol.com.pl\/index.php\/wp-json\/wp\/v2\/media\/3694"}],"wp:attachment":[{"href":"https:\/\/mlekpol.com.pl\/index.php\/wp-json\/wp\/v2\/media?parent=2384"}],"wp:term":[{"taxonomy":"product_cat","embeddable":true,"href":"https:\/\/mlekpol.com.pl\/index.php\/wp-json\/wp\/v2\/product_cat?post=2384"},{"taxonomy":"product_tag","embeddable":true,"href":"https:\/\/mlekpol.com.pl\/index.php\/wp-json\/wp\/v2\/product_tag?post=2384"}],"curies":[{"name":"wp","href":"https:\/\/api.w.org\/{rel}","templated":true}]}}