
{"id":2383,"date":"2018-07-31T13:30:06","date_gmt":"2018-07-31T11:30:06","guid":{"rendered":"http:\/\/mlekpol.thinq.pl\/index.php\/produkt\/jogurt-grecki-2\/"},"modified":"2020-08-03T13:59:23","modified_gmt":"2020-08-03T11:59:23","slug":"jogurt-grecki-2","status":"publish","type":"product","link":"https:\/\/mlekpol.com.pl\/index.php\/produkt\/jogurt-grecki-2\/","title":{"rendered":"Jogurt Grecki"},"content":{"rendered":"<p>Grecki jogurt MLEKPOL wyr\u00f3\u017cnia si\u0119 intensywnym smakiem i g\u0119st\u0105, kremow\u0105 konsystencj\u0105. Powsta\u0142 z pe\u0142nowarto\u015bciowego, najwy\u017cszej klasy mleka od kr\u00f3w skarmianych paszami bez GMO.<br \/>\nDoskona\u0142y do sa\u0142atek i mizerii. To idealna baza do sos\u00f3w i dip\u00f3w. W wersji \u201ena s\u0142odko\u201d \u015bwietnie komponuje si\u0119 z miodem lub owocami.<\/p>\n","protected":false},"excerpt":{"rendered":"<p>Grecki jogurt MLEKPOL wyr\u00f3\u017cnia si\u0119 intensywnym smakiem i g\u0119st\u0105, kremow\u0105 konsystencj\u0105. Powsta\u0142 z pe\u0142nowarto\u015bciowego, najwy\u017cszej klasy mleka od kr\u00f3w skarmianych paszami bez GMO. Doskona\u0142y do sa\u0142atek i mizerii. To idealna baza do sos\u00f3w i dip\u00f3w. W wersji \u201ena s\u0142odko\u201d \u015bwietnie komponuje si\u0119 z miodem lub owocami.<\/p>\n","protected":false},"featured_media":3692,"template":"","meta":[],"product_cat":[34,558,18],"product_tag":[],"_links":{"self":[{"href":"https:\/\/mlekpol.com.pl\/index.php\/wp-json\/wp\/v2\/product\/2383"}],"collection":[{"href":"https:\/\/mlekpol.com.pl\/index.php\/wp-json\/wp\/v2\/product"}],"about":[{"href":"https:\/\/mlekpol.com.pl\/index.php\/wp-json\/wp\/v2\/types\/product"}],"wp:featuredmedia":[{"embeddable":true,"href":"https:\/\/mlekpol.com.pl\/index.php\/wp-json\/wp\/v2\/media\/3692"}],"wp:attachment":[{"href":"https:\/\/mlekpol.com.pl\/index.php\/wp-json\/wp\/v2\/media?parent=2383"}],"wp:term":[{"taxonomy":"product_cat","embeddable":true,"href":"https:\/\/mlekpol.com.pl\/index.php\/wp-json\/wp\/v2\/product_cat?post=2383"},{"taxonomy":"product_tag","embeddable":true,"href":"https:\/\/mlekpol.com.pl\/index.php\/wp-json\/wp\/v2\/product_tag?post=2383"}],"curies":[{"name":"wp","href":"https:\/\/api.w.org\/{rel}","templated":true}]}}