
{"id":2377,"date":"2018-07-31T13:30:03","date_gmt":"2018-07-31T11:30:03","guid":{"rendered":"http:\/\/mlekpol.thinq.pl\/index.php\/produkt\/jogurt-augustowski-naturalny-2\/"},"modified":"2021-11-23T16:00:09","modified_gmt":"2021-11-23T15:00:09","slug":"jogurt-augustowski-naturalny-2","status":"publish","type":"product","link":"https:\/\/mlekpol.com.pl\/index.php\/produkt\/jogurt-augustowski-naturalny-2\/","title":{"rendered":"Jogurt Augustowski naturalny"},"content":{"rendered":"<p>Kremowy jogurt naturalnym. Powstaje z najlepszego polskiego mleka od kr\u00f3w wypasanych na najczystszych \u0142\u0105kach Podlasia. Pyszny i syc\u0105cy. Idealny jako przek\u0105ska albo dodatek do potraw. Dla os\u00f3b dbaj\u0105cych o szczup\u0142\u0105 sylwetk\u0119 dost\u0119pny tak\u017ce w wersji 0% t\u0142uszczu.<\/p>\n","protected":false},"excerpt":{"rendered":"<p>Kremowy jogurt naturalnym. Powstaje z najlepszego polskiego mleka od kr\u00f3w wypasanych na najczystszych \u0142\u0105kach Podlasia. Pyszny i syc\u0105cy. Idealny jako przek\u0105ska albo dodatek do potraw. Dla os\u00f3b dbaj\u0105cych o szczup\u0142\u0105 sylwetk\u0119 dost\u0119pny tak\u017ce w wersji 0% t\u0142uszczu.<\/p>\n","protected":false},"featured_media":22615,"template":"","meta":[],"product_cat":[34,558,18],"product_tag":[],"_links":{"self":[{"href":"https:\/\/mlekpol.com.pl\/index.php\/wp-json\/wp\/v2\/product\/2377"}],"collection":[{"href":"https:\/\/mlekpol.com.pl\/index.php\/wp-json\/wp\/v2\/product"}],"about":[{"href":"https:\/\/mlekpol.com.pl\/index.php\/wp-json\/wp\/v2\/types\/product"}],"wp:featuredmedia":[{"embeddable":true,"href":"https:\/\/mlekpol.com.pl\/index.php\/wp-json\/wp\/v2\/media\/22615"}],"wp:attachment":[{"href":"https:\/\/mlekpol.com.pl\/index.php\/wp-json\/wp\/v2\/media?parent=2377"}],"wp:term":[{"taxonomy":"product_cat","embeddable":true,"href":"https:\/\/mlekpol.com.pl\/index.php\/wp-json\/wp\/v2\/product_cat?post=2377"},{"taxonomy":"product_tag","embeddable":true,"href":"https:\/\/mlekpol.com.pl\/index.php\/wp-json\/wp\/v2\/product_tag?post=2377"}],"curies":[{"name":"wp","href":"https:\/\/api.w.org\/{rel}","templated":true}]}}