
{"id":2360,"date":"2018-07-31T13:29:56","date_gmt":"2018-07-31T11:29:56","guid":{"rendered":"http:\/\/mlekpol.thinq.pl\/index.php\/produkt\/jogurt-somlek-naturalny-2\/"},"modified":"2019-05-15T12:32:44","modified_gmt":"2019-05-15T10:32:44","slug":"jogurt-somlek-naturalny-2","status":"publish","type":"product","link":"https:\/\/mlekpol.com.pl\/index.php\/produkt\/jogurt-somlek-naturalny-2\/","title":{"rendered":"Jogurt Somlek naturalny"},"content":{"rendered":"<p>Naturalny jogurt z najlepszego mleka od kr\u00f3w wypasanych na \u0142\u0105kach w najczystszym regionie Polski. Doskona\u0142y regionalny smak. Idealny na \u015bniadanie i jako dodatek do potraw. \u0179r\u00f3d\u0142o wapnia, bia\u0142ka, witamin i sk\u0142adnik\u00f3w mineralnych.<\/p>\n","protected":false},"excerpt":{"rendered":"<p>Naturalny jogurt z najlepszego mleka od kr\u00f3w wypasanych na \u0142\u0105kach w najczystszym regionie Polski. Doskona\u0142y regionalny smak. Idealny na \u015bniadanie i jako dodatek do potraw. \u0179r\u00f3d\u0142o wapnia, bia\u0142ka, witamin i sk\u0142adnik\u00f3w mineralnych.<\/p>\n","protected":false},"featured_media":3646,"template":"","meta":[],"product_cat":[34,18,554],"product_tag":[],"_links":{"self":[{"href":"https:\/\/mlekpol.com.pl\/index.php\/wp-json\/wp\/v2\/product\/2360"}],"collection":[{"href":"https:\/\/mlekpol.com.pl\/index.php\/wp-json\/wp\/v2\/product"}],"about":[{"href":"https:\/\/mlekpol.com.pl\/index.php\/wp-json\/wp\/v2\/types\/product"}],"wp:featuredmedia":[{"embeddable":true,"href":"https:\/\/mlekpol.com.pl\/index.php\/wp-json\/wp\/v2\/media\/3646"}],"wp:attachment":[{"href":"https:\/\/mlekpol.com.pl\/index.php\/wp-json\/wp\/v2\/media?parent=2360"}],"wp:term":[{"taxonomy":"product_cat","embeddable":true,"href":"https:\/\/mlekpol.com.pl\/index.php\/wp-json\/wp\/v2\/product_cat?post=2360"},{"taxonomy":"product_tag","embeddable":true,"href":"https:\/\/mlekpol.com.pl\/index.php\/wp-json\/wp\/v2\/product_tag?post=2360"}],"curies":[{"name":"wp","href":"https:\/\/api.w.org\/{rel}","templated":true}]}}