
{"id":2358,"date":"2018-07-31T13:29:56","date_gmt":"2018-07-31T11:29:56","guid":{"rendered":"http:\/\/mlekpol.thinq.pl\/index.php\/produkt\/jogurt-somlek-malinowy\/"},"modified":"2020-06-02T13:52:53","modified_gmt":"2020-06-02T11:52:53","slug":"jogurt-mlekpol-malinowy","status":"publish","type":"product","link":"https:\/\/mlekpol.com.pl\/index.php\/produkt\/jogurt-mlekpol-malinowy\/","title":{"rendered":"Jogurt Mlekpol malinowy"},"content":{"rendered":"<p>Doskona\u0142e po\u0142\u0105czenie soczystych owoc\u00f3w i pysznego jogurtu z najlepszego mleka od kr\u00f3w wypasanych na \u0142\u0105kach w najczystszym regionie Polski. Kremowa konsystencja i delikatny smak. Idealny na drugie \u015bniadanie albo jako przek\u0105ska. Dla os\u00f3b dbaj\u0105cych o szczup\u0142\u0105 sylwetk\u0119 tak\u017ce w wersji 0% t\u0142uszczu.<\/p>\n","protected":false},"excerpt":{"rendered":"<p>Doskona\u0142e po\u0142\u0105czenie soczystych owoc\u00f3w i pysznego jogurtu z najlepszego mleka od kr\u00f3w wypasanych na \u0142\u0105kach w najczystszym regionie Polski. Kremowa konsystencja i delikatny smak. Idealny na drugie \u015bniadanie albo jako przek\u0105ska. Dla os\u00f3b dbaj\u0105cych o szczup\u0142\u0105 sylwetk\u0119 tak\u017ce w wersji 0% t\u0142uszczu.<\/p>\n","protected":false},"featured_media":20499,"template":"","meta":[],"product_cat":[34,558,18],"product_tag":[],"_links":{"self":[{"href":"https:\/\/mlekpol.com.pl\/index.php\/wp-json\/wp\/v2\/product\/2358"}],"collection":[{"href":"https:\/\/mlekpol.com.pl\/index.php\/wp-json\/wp\/v2\/product"}],"about":[{"href":"https:\/\/mlekpol.com.pl\/index.php\/wp-json\/wp\/v2\/types\/product"}],"wp:featuredmedia":[{"embeddable":true,"href":"https:\/\/mlekpol.com.pl\/index.php\/wp-json\/wp\/v2\/media\/20499"}],"wp:attachment":[{"href":"https:\/\/mlekpol.com.pl\/index.php\/wp-json\/wp\/v2\/media?parent=2358"}],"wp:term":[{"taxonomy":"product_cat","embeddable":true,"href":"https:\/\/mlekpol.com.pl\/index.php\/wp-json\/wp\/v2\/product_cat?post=2358"},{"taxonomy":"product_tag","embeddable":true,"href":"https:\/\/mlekpol.com.pl\/index.php\/wp-json\/wp\/v2\/product_tag?post=2358"}],"curies":[{"name":"wp","href":"https:\/\/api.w.org\/{rel}","templated":true}]}}