
{"id":2353,"date":"2018-07-31T13:29:54","date_gmt":"2018-07-31T11:29:54","guid":{"rendered":"http:\/\/mlekpol.thinq.pl\/index.php\/produkt\/jogurt-somlek-naturalny\/"},"modified":"2019-03-14T12:33:43","modified_gmt":"2019-03-14T11:33:43","slug":"jogurt-somlek-naturalny","status":"publish","type":"product","link":"https:\/\/mlekpol.com.pl\/index.php\/produkt\/jogurt-somlek-naturalny\/","title":{"rendered":"Jogurt Somlek naturalny"},"content":{"rendered":"<p>Naturalny jogurt z najlepszego mleka od kr\u00f3w wypasanych na \u0142\u0105kach w najczystszym regionie Polski. Doskona\u0142y regionalny smak. Idealny na \u015bniadanie i jako dodatek do potraw. \u0179r\u00f3d\u0142o wapnia, bia\u0142ka, witamin i sk\u0142adnik\u00f3w mineralnych. Dla os\u00f3b dbaj\u0105cych o szczup\u0142\u0105 sylwetk\u0119 dost\u0119pny tak\u017ce w wersji 0% t\u0142uszczu.<\/p>\n","protected":false},"excerpt":{"rendered":"<p>Naturalny jogurt z najlepszego mleka od kr\u00f3w wypasanych na \u0142\u0105kach w najczystszym regionie Polski. Doskona\u0142y regionalny smak. Idealny na \u015bniadanie i jako dodatek do potraw. \u0179r\u00f3d\u0142o wapnia, bia\u0142ka, witamin i sk\u0142adnik\u00f3w mineralnych. Dla os\u00f3b dbaj\u0105cych o szczup\u0142\u0105 sylwetk\u0119 dost\u0119pny tak\u017ce w wersji 0% t\u0142uszczu.<\/p>\n","protected":false},"featured_media":3632,"template":"","meta":[],"product_cat":[34,18,554],"product_tag":[],"_links":{"self":[{"href":"https:\/\/mlekpol.com.pl\/index.php\/wp-json\/wp\/v2\/product\/2353"}],"collection":[{"href":"https:\/\/mlekpol.com.pl\/index.php\/wp-json\/wp\/v2\/product"}],"about":[{"href":"https:\/\/mlekpol.com.pl\/index.php\/wp-json\/wp\/v2\/types\/product"}],"wp:featuredmedia":[{"embeddable":true,"href":"https:\/\/mlekpol.com.pl\/index.php\/wp-json\/wp\/v2\/media\/3632"}],"wp:attachment":[{"href":"https:\/\/mlekpol.com.pl\/index.php\/wp-json\/wp\/v2\/media?parent=2353"}],"wp:term":[{"taxonomy":"product_cat","embeddable":true,"href":"https:\/\/mlekpol.com.pl\/index.php\/wp-json\/wp\/v2\/product_cat?post=2353"},{"taxonomy":"product_tag","embeddable":true,"href":"https:\/\/mlekpol.com.pl\/index.php\/wp-json\/wp\/v2\/product_tag?post=2353"}],"curies":[{"name":"wp","href":"https:\/\/api.w.org\/{rel}","templated":true}]}}