
{"id":2351,"date":"2018-07-31T13:29:53","date_gmt":"2018-07-31T11:29:53","guid":{"rendered":"http:\/\/mlekpol.thinq.pl\/index.php\/produkt\/jogurt-pitny-milko-stracciatella\/"},"modified":"2023-07-12T12:04:43","modified_gmt":"2023-07-12T10:04:43","slug":"jogurt-pitny-milko-stracciatella","status":"publish","type":"product","link":"https:\/\/mlekpol.com.pl\/index.php\/produkt\/jogurt-pitny-milko-stracciatella\/","title":{"rendered":"Jogurt pitny Milko stracciatella"},"content":{"rendered":"<p>Pyszny kremowy jogurt w wersji deserowej. Bez dodatku syropu glukozowo-fruktozowego. Porcja energii w wygodnym kartoniku. Doskonale smakuje, orze\u017awia, a dzi\u0119ki zawarto\u015bci dobroczynnych bakterii tak\u017ce wspomaga odporno\u015b\u0107 i procesy trawienne.<br \/>\nPowstaje z najlepszego polskiego mleka. Idealna przek\u0105ska do pracy, szko\u0142y albo na wycieczk\u0119.<\/p>\n","protected":false},"excerpt":{"rendered":"<p>Pyszny kremowy jogurt w wersji deserowej. Bez dodatku syropu glukozowo-fruktozowego. Porcja energii w wygodnym kartoniku. Doskonale smakuje, orze\u017awia, a dzi\u0119ki zawarto\u015bci dobroczynnych bakterii tak\u017ce wspomaga odporno\u015b\u0107 i procesy trawienne. Powstaje z najlepszego polskiego mleka. Idealna przek\u0105ska do pracy, szko\u0142y albo na wycieczk\u0119.<\/p>\n","protected":false},"featured_media":18854,"template":"","meta":[],"product_cat":[34,103,18],"product_tag":[],"_links":{"self":[{"href":"https:\/\/mlekpol.com.pl\/index.php\/wp-json\/wp\/v2\/product\/2351"}],"collection":[{"href":"https:\/\/mlekpol.com.pl\/index.php\/wp-json\/wp\/v2\/product"}],"about":[{"href":"https:\/\/mlekpol.com.pl\/index.php\/wp-json\/wp\/v2\/types\/product"}],"wp:featuredmedia":[{"embeddable":true,"href":"https:\/\/mlekpol.com.pl\/index.php\/wp-json\/wp\/v2\/media\/18854"}],"wp:attachment":[{"href":"https:\/\/mlekpol.com.pl\/index.php\/wp-json\/wp\/v2\/media?parent=2351"}],"wp:term":[{"taxonomy":"product_cat","embeddable":true,"href":"https:\/\/mlekpol.com.pl\/index.php\/wp-json\/wp\/v2\/product_cat?post=2351"},{"taxonomy":"product_tag","embeddable":true,"href":"https:\/\/mlekpol.com.pl\/index.php\/wp-json\/wp\/v2\/product_tag?post=2351"}],"curies":[{"name":"wp","href":"https:\/\/api.w.org\/{rel}","templated":true}]}}