
{"id":23473,"date":"2022-06-27T14:00:17","date_gmt":"2022-06-27T12:00:17","guid":{"rendered":"https:\/\/mlekpol.com.pl\/?post_type=product&#038;p=23473"},"modified":"2022-06-27T14:10:40","modified_gmt":"2022-06-27T12:10:40","slug":"ser-senator-emmentaler-plastry","status":"publish","type":"product","link":"https:\/\/mlekpol.com.pl\/index.php\/produkt\/ser-senator-emmentaler-plastry\/","title":{"rendered":"Ser Senator Emmentaler Plastry"},"content":{"rendered":"<p><span style=\"font-weight: 400;\">Twardy ser podpuszczkowy, powstaj\u0105cy w kontrolowanych warunkach. Odpowiednia wilgotno\u015b\u0107 i temperatura dojrzewania pozwalaj\u0105 uzyska\u0107 wyj\u0105tkowe i niepowtarzalne walory smakowe. W\u00a0rezultacie produkt ma elastyczny, z\u0142ocisty mi\u0105\u017csz i\u00a0such\u0105 sk\u00f3rk\u0119. Pachnie intensywnie, natomiast w\u00a0smaku jest delikatny, lekko s\u0142odkawy, o wyra\u017anie wyczuwalnym smaku orzech\u00f3w. W jego przekroju widoczne s\u0105 du\u017ce, regularne oczka, stanowi\u0105ce o\u00a0wyj\u0105tkowo\u015bci tego typu ser\u00f3w twardych. Ze wzgl\u0119du na unikatowe w\u0142a\u015bciwo\u015bci smakowe oraz aromatyczne, a tak\u017ce najwy\u017csz\u0105 jako\u015b\u0107 u\u017cytych do jego produkcji surowc\u00f3w, wyr\u00f3b ten lokuje si\u0119 w segmencie premium.\u00a0<\/span><\/p>\n<p><span style=\"font-weight: 400;\">Senator Emmentaler wybornie prezentuje si\u0119 na desce ser\u00f3w, jako pyszna i wyszukana przek\u0105ska do wina w czasie przyj\u0119cia czy romantycznej kolacji. Ma te\u017c znacznie szersze zastosowania kulinarne. Mo\u017ce by\u0107 u\u017cywany do kanapek i sa\u0142atek, a po starciu stanowi wspania\u0142\u0105 posypk\u0119 do da\u0144 mi\u0119snych, ry\u017cu, zapiekanek czy makaronu.\u00a0<\/span><\/p>\n","protected":false},"excerpt":{"rendered":"<p>Twardy ser podpuszczkowy, powstaj\u0105cy w kontrolowanych warunkach. Odpowiednia wilgotno\u015b\u0107 i temperatura dojrzewania pozwalaj\u0105 uzyska\u0107 wyj\u0105tkowe i niepowtarzalne walory smakowe. W\u00a0rezultacie produkt ma elastyczny, z\u0142ocisty mi\u0105\u017csz i\u00a0such\u0105 sk\u00f3rk\u0119. Pachnie intensywnie, natomiast w\u00a0smaku jest delikatny, lekko s\u0142odkawy, o wyra\u017anie wyczuwalnym smaku orzech\u00f3w. W jego przekroju widoczne s\u0105 du\u017ce, regularne oczka, stanowi\u0105ce o\u00a0wyj\u0105tkowo\u015bci tego typu ser\u00f3w twardych. Ze [&hellip;]<\/p>\n","protected":false},"featured_media":23474,"template":"","meta":[],"product_cat":[179,1209,24],"product_tag":[],"_links":{"self":[{"href":"https:\/\/mlekpol.com.pl\/index.php\/wp-json\/wp\/v2\/product\/23473"}],"collection":[{"href":"https:\/\/mlekpol.com.pl\/index.php\/wp-json\/wp\/v2\/product"}],"about":[{"href":"https:\/\/mlekpol.com.pl\/index.php\/wp-json\/wp\/v2\/types\/product"}],"wp:featuredmedia":[{"embeddable":true,"href":"https:\/\/mlekpol.com.pl\/index.php\/wp-json\/wp\/v2\/media\/23474"}],"wp:attachment":[{"href":"https:\/\/mlekpol.com.pl\/index.php\/wp-json\/wp\/v2\/media?parent=23473"}],"wp:term":[{"taxonomy":"product_cat","embeddable":true,"href":"https:\/\/mlekpol.com.pl\/index.php\/wp-json\/wp\/v2\/product_cat?post=23473"},{"taxonomy":"product_tag","embeddable":true,"href":"https:\/\/mlekpol.com.pl\/index.php\/wp-json\/wp\/v2\/product_tag?post=23473"}],"curies":[{"name":"wp","href":"https:\/\/api.w.org\/{rel}","templated":true}]}}