
{"id":2341,"date":"2018-07-31T13:29:49","date_gmt":"2018-07-31T11:29:49","guid":{"rendered":"http:\/\/mlekpol.thinq.pl\/index.php\/produkt\/maslanka-milko-naturalna-2\/"},"modified":"2022-05-18T23:40:44","modified_gmt":"2022-05-18T21:40:44","slug":"maslanka-milko-naturalna-2","status":"publish","type":"product","link":"https:\/\/mlekpol.com.pl\/index.php\/produkt\/maslanka-milko-naturalna-2\/","title":{"rendered":"Ma\u015blanka Milko naturalna"},"content":{"rendered":"<p>Orze\u017awia i wzmacnia nie tylko w upalne dni. Smaczna i lekkostrawna, jest ceniona przez konsument\u00f3w za walory smakowe i w\u0142a\u015bciwo\u015bci prozdrowotne. \u015awietnie sprawdza si\u0119 jako dodatek do da\u0144 lub samodzielna pe\u0142nowarto\u015bciowa przek\u0105ska.<\/p>\n","protected":false},"excerpt":{"rendered":"<p>Orze\u017awia i wzmacnia nie tylko w upalne dni. Smaczna i lekkostrawna, jest ceniona przez konsument\u00f3w za walory smakowe i w\u0142a\u015bciwo\u015bci prozdrowotne. \u015awietnie sprawdza si\u0119 jako dodatek do da\u0144 lub samodzielna pe\u0142nowarto\u015bciowa przek\u0105ska.<\/p>\n","protected":false},"featured_media":23383,"template":"","meta":[],"product_cat":[36,103,18],"product_tag":[],"_links":{"self":[{"href":"https:\/\/mlekpol.com.pl\/index.php\/wp-json\/wp\/v2\/product\/2341"}],"collection":[{"href":"https:\/\/mlekpol.com.pl\/index.php\/wp-json\/wp\/v2\/product"}],"about":[{"href":"https:\/\/mlekpol.com.pl\/index.php\/wp-json\/wp\/v2\/types\/product"}],"wp:featuredmedia":[{"embeddable":true,"href":"https:\/\/mlekpol.com.pl\/index.php\/wp-json\/wp\/v2\/media\/23383"}],"wp:attachment":[{"href":"https:\/\/mlekpol.com.pl\/index.php\/wp-json\/wp\/v2\/media?parent=2341"}],"wp:term":[{"taxonomy":"product_cat","embeddable":true,"href":"https:\/\/mlekpol.com.pl\/index.php\/wp-json\/wp\/v2\/product_cat?post=2341"},{"taxonomy":"product_tag","embeddable":true,"href":"https:\/\/mlekpol.com.pl\/index.php\/wp-json\/wp\/v2\/product_tag?post=2341"}],"curies":[{"name":"wp","href":"https:\/\/api.w.org\/{rel}","templated":true}]}}